{"id":713,"date":"2025-09-25T17:34:50","date_gmt":"2025-09-25T15:34:50","guid":{"rendered":"https:\/\/floristerialaflortui.com\/?page_id=713"},"modified":"2025-11-27T12:53:02","modified_gmt":"2025-11-27T10:53:02","slug":"decoracion","status":"publish","type":"page","link":"https:\/\/floristerialaflortui.com\/en\/decoracion\/","title":{"rendered":"Decoration"},"content":{"rendered":"<div data-elementor-type=\"wp-page\" data-elementor-id=\"713\" class=\"elementor elementor-713\">\n\t\t\t\t\t\t<section class=\"elementor-section elementor-top-section elementor-element elementor-element-63dad21d elementor-section-boxed elementor-section-height-default elementor-section-height-default elementor-invisible\" data-id=\"63dad21d\" data-element_type=\"section\" data-settings=\"{&quot;background_background&quot;:&quot;classic&quot;,&quot;animation&quot;:&quot;fadeIn&quot;}\">\n\t\t\t\t\t\t\t<div class=\"elementor-background-overlay\"><\/div>\n\t\t\t\t\t\t\t<div class=\"elementor-container elementor-column-gap-default\">\n\t\t\t\t\t<div class=\"elementor-column elementor-col-100 elementor-top-column elementor-element elementor-element-4d6fd76e\" data-id=\"4d6fd76e\" data-element_type=\"column\">\n\t\t\t<div class=\"elementor-widget-wrap elementor-element-populated\">\n\t\t\t\t\t\t<div class=\"elementor-element elementor-element-3fb6f0e elementor-widget elementor-widget-spacer\" data-id=\"3fb6f0e\" data-element_type=\"widget\" data-widget_type=\"spacer.default\">\n\t\t\t\t\t\t\t<div class=\"elementor-spacer\">\n\t\t\t<div class=\"elementor-spacer-inner\"><\/div>\n\t\t<\/div>\n\t\t\t\t\t\t<\/div>\n\t\t\t\t<div class=\"elementor-element elementor-element-4d924f36 elementor-icon-list--layout-inline elementor-list-item-link-inline elementor-align-center elementor-invisible elementor-widget elementor-widget-icon-list\" data-id=\"4d924f36\" data-element_type=\"widget\" data-settings=\"{&quot;_animation&quot;:&quot;fadeInUp&quot;}\" data-widget_type=\"icon-list.default\">\n\t\t\t\t\t\t\t<ul class=\"elementor-icon-list-items elementor-inline-items\">\n\t\t\t\t\t\t\t<li class=\"elementor-icon-list-item elementor-inline-item\">\n\t\t\t\t\t\t\t\t\t\t<span class=\"elementor-icon-list-text\">\ud83c\udfe1 Unique details<\/span>\n\t\t\t\t\t\t\t\t\t<\/li>\n\t\t\t\t\t\t<\/ul>\n\t\t\t\t\t\t<\/div>\n\t\t\t\t<div class=\"elementor-element elementor-element-3fb1e613 elementor-invisible elementor-widget elementor-widget-heading\" data-id=\"3fb1e613\" data-element_type=\"widget\" data-settings=\"{&quot;_animation&quot;:&quot;fadeInUp&quot;}\" data-widget_type=\"heading.default\">\n\t\t\t\t\t<h1 class=\"elementor-heading-title elementor-size-default\">Decoration<\/h1>\t\t\t\t<\/div>\n\t\t\t\t<div class=\"elementor-element elementor-element-aea8fa3 elementor-invisible elementor-widget elementor-widget-text-editor\" data-id=\"aea8fa3\" data-element_type=\"widget\" data-settings=\"{&quot;_animation&quot;:&quot;fadeInUp&quot;}\" data-widget_type=\"text-editor.default\">\n\t\t\t\t\t\t\t\t\t<p>Floral-inspired decorative items for your home or business, providing style, personality, and a welcoming atmosphere.<\/p>\t\t\t\t\t\t\t\t<\/div>\n\t\t\t\t\t<\/div>\n\t\t<\/div>\n\t\t\t\t\t<\/div>\n\t\t<\/section>\n\t\t\t\t<section class=\"elementor-section elementor-top-section elementor-element elementor-element-16b2bbc6 elementor-section-boxed elementor-section-height-default elementor-section-height-default\" data-id=\"16b2bbc6\" data-element_type=\"section\">\n\t\t\t\t\t\t<div class=\"elementor-container elementor-column-gap-default\">\n\t\t\t\t\t<div class=\"elementor-column elementor-col-100 elementor-top-column elementor-element elementor-element-642f4175\" data-id=\"642f4175\" data-element_type=\"column\">\n\t\t\t<div class=\"elementor-widget-wrap elementor-element-populated\">\n\t\t\t\t\t\t<div class=\"elementor-element elementor-element-307199bf elementor-icon-list--layout-inline elementor-list-item-link-inline elementor-invisible elementor-widget elementor-widget-icon-list\" data-id=\"307199bf\" data-element_type=\"widget\" data-settings=\"{&quot;_animation&quot;:&quot;fadeInLeft&quot;}\" data-widget_type=\"icon-list.default\">\n\t\t\t\t\t\t\t<ul class=\"elementor-icon-list-items elementor-inline-items\">\n\t\t\t\t\t\t\t<li class=\"elementor-icon-list-item elementor-inline-item\">\n\t\t\t\t\t\t\t\t\t\t<span class=\"elementor-icon-list-text\">\ud83c\udf38 Touches that transform<\/span>\n\t\t\t\t\t\t\t\t\t<\/li>\n\t\t\t\t\t\t<\/ul>\n\t\t\t\t\t\t<\/div>\n\t\t\t\t<div class=\"elementor-element elementor-element-3d035874 elementor-invisible elementor-widget elementor-widget-testimonial\" data-id=\"3d035874\" data-element_type=\"widget\" data-settings=\"{&quot;_animation&quot;:&quot;fadeInUp&quot;}\" data-widget_type=\"testimonial.default\">\n\t\t\t\t\t\t\t<div class=\"elementor-testimonial-wrapper\">\n\t\t\t\t\t\t\t<div class=\"elementor-testimonial-content\">At Florister\u00eda La Flor, you'll find charming decorative pieces. From small details to more special ornaments, perfect for gifts or to give your spaces a unique and personalized touch.<\/div>\n\t\t\t\n\t\t\t\t\t<\/div>\n\t\t\t\t\t\t<\/div>\n\t\t\t\t\t<\/div>\n\t\t<\/div>\n\t\t\t\t\t<\/div>\n\t\t<\/section>\n\t\t<div class=\"elementor-element elementor-element-314d2ce e-con-full e-flex e-con e-parent\" data-id=\"314d2ce\" data-element_type=\"container\">\n\t\t<div class=\"elementor-element elementor-element-953b677 e-con-full e-flex e-con e-child\" data-id=\"953b677\" data-element_type=\"container\">\n\t\t\t\t<div class=\"elementor-element elementor-element-2f45f91 elementor-invisible elementor-widget elementor-widget-image\" data-id=\"2f45f91\" data-element_type=\"widget\" data-settings=\"{&quot;_animation&quot;:&quot;fadeIn&quot;,&quot;_animation_delay&quot;:200}\" data-widget_type=\"image.default\">\n\t\t\t\t\t\t\t\t\t\t\t\t\t\t\t\t<a href=\"https:\/\/floristerialaflortui.com\/wp-content\/uploads\/2025\/08\/nadal-4.jpg\" data-elementor-open-lightbox=\"yes\" data-elementor-lightbox-title=\"nadal--4\" data-e-action-hash=\"#elementor-action%3Aaction%3Dlightbox%26settings%3DeyJpZCI6Mjg0LCJ1cmwiOiJodHRwczpcL1wvZmxvcmlzdGVyaWFsYWZsb3J0dWkuY29tXC93cC1jb250ZW50XC91cGxvYWRzXC8yMDI1XC8wOFwvbmFkYWwtNC5qcGcifQ%3D%3D\">\n\t\t\t\t\t\t\t<img fetchpriority=\"high\" decoding=\"async\" width=\"800\" height=\"534\" src=\"https:\/\/floristerialaflortui.com\/wp-content\/uploads\/2025\/08\/nadal-4.jpg\" class=\"attachment-large size-large wp-image-284\" alt=\"\" srcset=\"https:\/\/floristerialaflortui.com\/wp-content\/uploads\/2025\/08\/nadal-4.jpg 1000w, https:\/\/floristerialaflortui.com\/wp-content\/uploads\/2025\/08\/nadal-4-300x200.jpg 300w, https:\/\/floristerialaflortui.com\/wp-content\/uploads\/2025\/08\/nadal-4-768x512.jpg 768w\" sizes=\"(max-width: 800px) 100vw, 800px\" \/>\t\t\t\t\t\t\t\t<\/a>\n\t\t\t\t\t\t\t\t\t\t\t\t\t\t\t<\/div>\n\t\t\t\t<\/div>\n\t\t<div class=\"elementor-element elementor-element-fabf946 e-con-full e-flex e-con e-child\" data-id=\"fabf946\" data-element_type=\"container\">\n\t\t\t\t<div class=\"elementor-element elementor-element-22a1fe7 elementor-invisible elementor-widget elementor-widget-image\" data-id=\"22a1fe7\" data-element_type=\"widget\" data-settings=\"{&quot;_animation&quot;:&quot;fadeIn&quot;,&quot;_animation_delay&quot;:200}\" data-widget_type=\"image.default\">\n\t\t\t\t\t\t\t\t\t\t\t\t\t\t\t\t<a href=\"https:\/\/floristerialaflortui.com\/wp-content\/uploads\/2025\/08\/nadal-3.jpg\" data-elementor-open-lightbox=\"yes\" data-elementor-lightbox-title=\"nadal--3\" data-e-action-hash=\"#elementor-action%3Aaction%3Dlightbox%26settings%3DeyJpZCI6Mjg1LCJ1cmwiOiJodHRwczpcL1wvZmxvcmlzdGVyaWFsYWZsb3J0dWkuY29tXC93cC1jb250ZW50XC91cGxvYWRzXC8yMDI1XC8wOFwvbmFkYWwtMy5qcGcifQ%3D%3D\">\n\t\t\t\t\t\t\t<img decoding=\"async\" width=\"800\" height=\"534\" src=\"https:\/\/floristerialaflortui.com\/wp-content\/uploads\/2025\/08\/nadal-3.jpg\" class=\"attachment-large size-large wp-image-285\" alt=\"\" srcset=\"https:\/\/floristerialaflortui.com\/wp-content\/uploads\/2025\/08\/nadal-3.jpg 1000w, https:\/\/floristerialaflortui.com\/wp-content\/uploads\/2025\/08\/nadal-3-300x200.jpg 300w, https:\/\/floristerialaflortui.com\/wp-content\/uploads\/2025\/08\/nadal-3-768x512.jpg 768w\" sizes=\"(max-width: 800px) 100vw, 800px\" \/>\t\t\t\t\t\t\t\t<\/a>\n\t\t\t\t\t\t\t\t\t\t\t\t\t\t\t<\/div>\n\t\t\t\t<\/div>\n\t\t<div class=\"elementor-element elementor-element-0e77d0b e-con-full e-flex e-con e-child\" data-id=\"0e77d0b\" data-element_type=\"container\">\n\t\t\t\t<div class=\"elementor-element elementor-element-73f9861 elementor-invisible elementor-widget elementor-widget-image\" data-id=\"73f9861\" data-element_type=\"widget\" data-settings=\"{&quot;_animation&quot;:&quot;fadeIn&quot;,&quot;_animation_delay&quot;:200}\" data-widget_type=\"image.default\">\n\t\t\t\t\t\t\t\t\t\t\t\t\t\t\t\t<a href=\"https:\/\/floristerialaflortui.com\/wp-content\/uploads\/2025\/11\/nadal-2.jpg\" data-elementor-open-lightbox=\"yes\" data-elementor-lightbox-title=\"nadal--2\" data-e-action-hash=\"#elementor-action%3Aaction%3Dlightbox%26settings%3DeyJpZCI6MTA1OSwidXJsIjoiaHR0cHM6XC9cL2Zsb3Jpc3RlcmlhbGFmbG9ydHVpLmNvbVwvd3AtY29udGVudFwvdXBsb2Fkc1wvMjAyNVwvMTFcL25hZGFsLTIuanBnIn0%3D\">\n\t\t\t\t\t\t\t<img decoding=\"async\" width=\"800\" height=\"534\" src=\"https:\/\/floristerialaflortui.com\/wp-content\/uploads\/2025\/11\/nadal-2.jpg\" class=\"attachment-large size-large wp-image-1059\" alt=\"\" srcset=\"https:\/\/floristerialaflortui.com\/wp-content\/uploads\/2025\/11\/nadal-2.jpg 1000w, https:\/\/floristerialaflortui.com\/wp-content\/uploads\/2025\/11\/nadal-2-300x200.jpg 300w, https:\/\/floristerialaflortui.com\/wp-content\/uploads\/2025\/11\/nadal-2-768x512.jpg 768w, https:\/\/floristerialaflortui.com\/wp-content\/uploads\/2025\/11\/nadal-2-18x12.jpg 18w\" sizes=\"(max-width: 800px) 100vw, 800px\" \/>\t\t\t\t\t\t\t\t<\/a>\n\t\t\t\t\t\t\t\t\t\t\t\t\t\t\t<\/div>\n\t\t\t\t<\/div>\n\t\t\t\t<\/div>\n\t\t<div class=\"elementor-element elementor-element-f26be45 e-con-full e-flex e-con e-parent\" data-id=\"f26be45\" data-element_type=\"container\">\n\t\t<div class=\"elementor-element elementor-element-28420e0 e-con-full e-flex e-con e-child\" data-id=\"28420e0\" data-element_type=\"container\">\n\t\t\t\t<div class=\"elementor-element elementor-element-b21f4ad elementor-invisible elementor-widget elementor-widget-image\" data-id=\"b21f4ad\" data-element_type=\"widget\" data-settings=\"{&quot;_animation&quot;:&quot;fadeIn&quot;,&quot;_animation_delay&quot;:200}\" data-widget_type=\"image.default\">\n\t\t\t\t\t\t\t\t\t\t\t\t\t\t\t\t<a href=\"https:\/\/floristerialaflortui.com\/wp-content\/uploads\/2025\/11\/decoracion-1.jpg\" data-elementor-open-lightbox=\"yes\" data-elementor-lightbox-title=\"decoracion-1\" data-e-action-hash=\"#elementor-action%3Aaction%3Dlightbox%26settings%3DeyJpZCI6MTA2MCwidXJsIjoiaHR0cHM6XC9cL2Zsb3Jpc3RlcmlhbGFmbG9ydHVpLmNvbVwvd3AtY29udGVudFwvdXBsb2Fkc1wvMjAyNVwvMTFcL2RlY29yYWNpb24tMS5qcGcifQ%3D%3D\">\n\t\t\t\t\t\t\t<img loading=\"lazy\" decoding=\"async\" width=\"800\" height=\"534\" src=\"https:\/\/floristerialaflortui.com\/wp-content\/uploads\/2025\/11\/decoracion-1-1024x683.jpg\" class=\"attachment-large size-large wp-image-1060\" alt=\"\" srcset=\"https:\/\/floristerialaflortui.com\/wp-content\/uploads\/2025\/11\/decoracion-1-1024x683.jpg 1024w, https:\/\/floristerialaflortui.com\/wp-content\/uploads\/2025\/11\/decoracion-1-300x200.jpg 300w, https:\/\/floristerialaflortui.com\/wp-content\/uploads\/2025\/11\/decoracion-1-768x512.jpg 768w, https:\/\/floristerialaflortui.com\/wp-content\/uploads\/2025\/11\/decoracion-1-1536x1024.jpg 1536w, https:\/\/floristerialaflortui.com\/wp-content\/uploads\/2025\/11\/decoracion-1-18x12.jpg 18w, https:\/\/floristerialaflortui.com\/wp-content\/uploads\/2025\/11\/decoracion-1.jpg 1800w\" sizes=\"(max-width: 800px) 100vw, 800px\" \/>\t\t\t\t\t\t\t\t<\/a>\n\t\t\t\t\t\t\t\t\t\t\t\t\t\t\t<\/div>\n\t\t\t\t<\/div>\n\t\t<div class=\"elementor-element elementor-element-852547c e-con-full e-flex e-con e-child\" data-id=\"852547c\" data-element_type=\"container\">\n\t\t\t\t<div class=\"elementor-element elementor-element-9141e58 elementor-invisible elementor-widget elementor-widget-image\" data-id=\"9141e58\" data-element_type=\"widget\" data-settings=\"{&quot;_animation&quot;:&quot;fadeIn&quot;,&quot;_animation_delay&quot;:200}\" data-widget_type=\"image.default\">\n\t\t\t\t\t\t\t\t\t\t\t\t\t\t\t\t<a href=\"https:\/\/floristerialaflortui.com\/wp-content\/uploads\/2025\/11\/decoracion-3.jpg\" data-elementor-open-lightbox=\"yes\" data-elementor-lightbox-title=\"decoracion-3\" data-e-action-hash=\"#elementor-action%3Aaction%3Dlightbox%26settings%3DeyJpZCI6MTA2MiwidXJsIjoiaHR0cHM6XC9cL2Zsb3Jpc3RlcmlhbGFmbG9ydHVpLmNvbVwvd3AtY29udGVudFwvdXBsb2Fkc1wvMjAyNVwvMTFcL2RlY29yYWNpb24tMy5qcGcifQ%3D%3D\">\n\t\t\t\t\t\t\t<img loading=\"lazy\" decoding=\"async\" width=\"800\" height=\"534\" src=\"https:\/\/floristerialaflortui.com\/wp-content\/uploads\/2025\/11\/decoracion-3-1024x683.jpg\" class=\"attachment-large size-large wp-image-1062\" alt=\"\" srcset=\"https:\/\/floristerialaflortui.com\/wp-content\/uploads\/2025\/11\/decoracion-3-1024x683.jpg 1024w, https:\/\/floristerialaflortui.com\/wp-content\/uploads\/2025\/11\/decoracion-3-300x200.jpg 300w, https:\/\/floristerialaflortui.com\/wp-content\/uploads\/2025\/11\/decoracion-3-768x512.jpg 768w, https:\/\/floristerialaflortui.com\/wp-content\/uploads\/2025\/11\/decoracion-3-1536x1024.jpg 1536w, https:\/\/floristerialaflortui.com\/wp-content\/uploads\/2025\/11\/decoracion-3-18x12.jpg 18w, https:\/\/floristerialaflortui.com\/wp-content\/uploads\/2025\/11\/decoracion-3.jpg 1800w\" sizes=\"(max-width: 800px) 100vw, 800px\" \/>\t\t\t\t\t\t\t\t<\/a>\n\t\t\t\t\t\t\t\t\t\t\t\t\t\t\t<\/div>\n\t\t\t\t<\/div>\n\t\t<div class=\"elementor-element elementor-element-1853a92 e-con-full e-flex e-con e-child\" data-id=\"1853a92\" data-element_type=\"container\">\n\t\t\t\t<div class=\"elementor-element elementor-element-0805fa1 elementor-invisible elementor-widget elementor-widget-image\" data-id=\"0805fa1\" data-element_type=\"widget\" data-settings=\"{&quot;_animation&quot;:&quot;fadeIn&quot;,&quot;_animation_delay&quot;:200}\" data-widget_type=\"image.default\">\n\t\t\t\t\t\t\t\t\t\t\t\t\t\t\t\t<a href=\"https:\/\/floristerialaflortui.com\/wp-content\/uploads\/2025\/11\/decoracion-2.jpg\" data-elementor-open-lightbox=\"yes\" data-elementor-lightbox-title=\"decoracion-2\" data-e-action-hash=\"#elementor-action%3Aaction%3Dlightbox%26settings%3DeyJpZCI6MTA2MSwidXJsIjoiaHR0cHM6XC9cL2Zsb3Jpc3RlcmlhbGFmbG9ydHVpLmNvbVwvd3AtY29udGVudFwvdXBsb2Fkc1wvMjAyNVwvMTFcL2RlY29yYWNpb24tMi5qcGcifQ%3D%3D\">\n\t\t\t\t\t\t\t<img loading=\"lazy\" decoding=\"async\" width=\"800\" height=\"534\" src=\"https:\/\/floristerialaflortui.com\/wp-content\/uploads\/2025\/11\/decoracion-2-1024x683.jpg\" class=\"attachment-large size-large wp-image-1061\" alt=\"\" srcset=\"https:\/\/floristerialaflortui.com\/wp-content\/uploads\/2025\/11\/decoracion-2-1024x683.jpg 1024w, https:\/\/floristerialaflortui.com\/wp-content\/uploads\/2025\/11\/decoracion-2-300x200.jpg 300w, https:\/\/floristerialaflortui.com\/wp-content\/uploads\/2025\/11\/decoracion-2-768x512.jpg 768w, https:\/\/floristerialaflortui.com\/wp-content\/uploads\/2025\/11\/decoracion-2-1536x1024.jpg 1536w, https:\/\/floristerialaflortui.com\/wp-content\/uploads\/2025\/11\/decoracion-2-18x12.jpg 18w, https:\/\/floristerialaflortui.com\/wp-content\/uploads\/2025\/11\/decoracion-2.jpg 1800w\" sizes=\"(max-width: 800px) 100vw, 800px\" \/>\t\t\t\t\t\t\t\t<\/a>\n\t\t\t\t\t\t\t\t\t\t\t\t\t\t\t<\/div>\n\t\t\t\t<\/div>\n\t\t\t\t<\/div>\n\t\t\t\t<section class=\"elementor-section elementor-top-section elementor-element elementor-element-604e726 elementor-section-boxed elementor-section-height-default elementor-section-height-default\" data-id=\"604e726\" data-element_type=\"section\">\n\t\t\t\t\t\t<div class=\"elementor-container elementor-column-gap-default\">\n\t\t\t\t\t<div class=\"elementor-column elementor-col-100 elementor-top-column elementor-element elementor-element-0abcd5b\" data-id=\"0abcd5b\" data-element_type=\"column\">\n\t\t\t<div class=\"elementor-widget-wrap elementor-element-populated\">\n\t\t\t\t\t\t<div class=\"elementor-element elementor-element-7dbc313 elementor-invisible elementor-widget elementor-widget-heading\" data-id=\"7dbc313\" data-element_type=\"widget\" data-settings=\"{&quot;_animation&quot;:&quot;fadeInUp&quot;}\" data-widget_type=\"heading.default\">\n\t\t\t\t\t<h2 class=\"elementor-heading-title elementor-size-default\">Custom Work<\/h2>\t\t\t\t<\/div>\n\t\t\t\t<div class=\"elementor-element elementor-element-3ddc115 elementor-invisible elementor-widget elementor-widget-text-editor\" data-id=\"3ddc115\" data-element_type=\"widget\" data-settings=\"{&quot;_animation&quot;:&quot;fadeInUp&quot;}\" data-widget_type=\"text-editor.default\">\n\t\t\t\t\t\t\t\t\t<p class=\"translation-block\">At <strong data-start=\"208\" data-end=\"231\">Florister\u00eda La Flor<\/strong> we create completely custom arrangements and decorations. If you'd like more information or would like to request a personalized order, please contact us and we'll be happy to assist you.<\/p>\t\t\t\t\t\t\t\t<\/div>\n\t\t\t\t<div class=\"elementor-element elementor-element-d809b94 elementor-align-center elementor-invisible elementor-widget elementor-widget-button\" data-id=\"d809b94\" data-element_type=\"widget\" data-settings=\"{&quot;_animation&quot;:&quot;fadeInUp&quot;}\" data-widget_type=\"button.default\">\n\t\t\t\t\t\t\t\t\t\t<a class=\"elementor-button elementor-button-link elementor-size-sm\" href=\"https:\/\/floristerialaflortui.com\/en\/contacto\/\">\n\t\t\t\t\t\t<span class=\"elementor-button-content-wrapper\">\n\t\t\t\t\t\t\t\t\t<span class=\"elementor-button-text\">contact<\/span>\n\t\t\t\t\t<\/span>\n\t\t\t\t\t<\/a>\n\t\t\t\t\t\t\t\t<\/div>\n\t\t\t\t\t<\/div>\n\t\t<\/div>\n\t\t\t\t\t<\/div>\n\t\t<\/section>\n\t\t\t\t<section class=\"elementor-section elementor-top-section elementor-element elementor-element-6fba25ff elementor-section-boxed elementor-section-height-default elementor-section-height-default\" data-id=\"6fba25ff\" data-element_type=\"section\">\n\t\t\t\t\t\t<div class=\"elementor-container elementor-column-gap-default\">\n\t\t\t\t\t<div class=\"elementor-column elementor-col-100 elementor-top-column elementor-element elementor-element-3629d193\" data-id=\"3629d193\" data-element_type=\"column\">\n\t\t\t<div class=\"elementor-widget-wrap elementor-element-populated\">\n\t\t\t\t\t\t<div class=\"elementor-element elementor-element-6d035952 elementor-widget-divider--view-line elementor-invisible elementor-widget elementor-widget-divider\" data-id=\"6d035952\" data-element_type=\"widget\" data-settings=\"{&quot;_animation&quot;:&quot;fadeIn&quot;}\" data-widget_type=\"divider.default\">\n\t\t\t\t\t\t\t<div class=\"elementor-divider\">\n\t\t\t<span class=\"elementor-divider-separator\">\n\t\t\t\t\t\t<\/span>\n\t\t<\/div>\n\t\t\t\t\t\t<\/div>\n\t\t\t\t\t<\/div>\n\t\t<\/div>\n\t\t\t\t\t<\/div>\n\t\t<\/section>\n\t\t\t\t<section class=\"elementor-section elementor-top-section elementor-element elementor-element-3ea3da25 elementor-section-boxed elementor-section-height-default elementor-section-height-default\" data-id=\"3ea3da25\" data-element_type=\"section\" data-settings=\"{&quot;background_background&quot;:&quot;classic&quot;}\">\n\t\t\t\t\t\t<div class=\"elementor-container elementor-column-gap-default\">\n\t\t\t\t\t<div class=\"elementor-column elementor-col-33 elementor-top-column elementor-element elementor-element-7b802610\" data-id=\"7b802610\" data-element_type=\"column\">\n\t\t\t<div class=\"elementor-widget-wrap elementor-element-populated\">\n\t\t\t\t\t\t<div class=\"elementor-element elementor-element-172659c2 elementor-position-left elementor-view-default elementor-mobile-position-top elementor-invisible elementor-widget elementor-widget-icon-box\" data-id=\"172659c2\" data-element_type=\"widget\" data-settings=\"{&quot;_animation&quot;:&quot;fadeInLeft&quot;}\" data-widget_type=\"icon-box.default\">\n\t\t\t\t\t\t\t<div class=\"elementor-icon-box-wrapper\">\n\n\t\t\t\t\t\t<div class=\"elementor-icon-box-icon\">\n\t\t\t\t<span  class=\"elementor-icon\">\n\t\t\t\t<i aria-hidden=\"true\" class=\"icon icon-flower\"><\/i>\t\t\t\t<\/span>\n\t\t\t<\/div>\n\t\t\t\n\t\t\t\t\t\t<div class=\"elementor-icon-box-content\">\n\n\t\t\t\t\t\t\t\t\t<h5 class=\"elementor-icon-box-title\">\n\t\t\t\t\t\t<span  >\n\t\t\t\t\t\t\tFresh Flowers\t\t\t\t\t\t<\/span>\n\t\t\t\t\t<\/h5>\n\t\t\t\t\n\t\t\t\t\t\t\t\t\t<p class=\"elementor-icon-box-description\">\n\t\t\t\t\t\tWe always work with fresh, seasonal flowers, carefully selected to ensure the best quality and longevity in each order.\t\t\t\t\t<\/p>\n\t\t\t\t\n\t\t\t<\/div>\n\t\t\t\n\t\t<\/div>\n\t\t\t\t\t\t<\/div>\n\t\t\t\t\t<\/div>\n\t\t<\/div>\n\t\t\t\t<div class=\"elementor-column elementor-col-33 elementor-top-column elementor-element elementor-element-696e8d40\" data-id=\"696e8d40\" data-element_type=\"column\">\n\t\t\t<div class=\"elementor-widget-wrap elementor-element-populated\">\n\t\t\t\t\t\t<div class=\"elementor-element elementor-element-7ac20625 elementor-position-left elementor-view-default elementor-mobile-position-top elementor-invisible elementor-widget elementor-widget-icon-box\" data-id=\"7ac20625\" data-element_type=\"widget\" data-settings=\"{&quot;_animation&quot;:&quot;fadeInUp&quot;}\" data-widget_type=\"icon-box.default\">\n\t\t\t\t\t\t\t<div class=\"elementor-icon-box-wrapper\">\n\n\t\t\t\t\t\t<div class=\"elementor-icon-box-icon\">\n\t\t\t\t<span  class=\"elementor-icon\">\n\t\t\t\t<i aria-hidden=\"true\" class=\"icon icon-truck-2\"><\/i>\t\t\t\t<\/span>\n\t\t\t<\/div>\n\t\t\t\n\t\t\t\t\t\t<div class=\"elementor-icon-box-content\">\n\n\t\t\t\t\t\t\t\t\t<h5 class=\"elementor-icon-box-title\">\n\t\t\t\t\t\t<span  >\n\t\t\t\t\t\t\tFast Shipping\t\t\t\t\t\t<\/span>\n\t\t\t\t\t<\/h5>\n\t\t\t\t\n\t\t\t\t\t\t\t\t\t<p class=\"elementor-icon-box-description\">\n\t\t\t\t\t\tWe deliver your flowers promptly and safely, whether in Tui or the surrounding area, or with national and international shipments.\t\t\t\t\t<\/p>\n\t\t\t\t\n\t\t\t<\/div>\n\t\t\t\n\t\t<\/div>\n\t\t\t\t\t\t<\/div>\n\t\t\t\t\t<\/div>\n\t\t<\/div>\n\t\t\t\t<div class=\"elementor-column elementor-col-33 elementor-top-column elementor-element elementor-element-3e0e2d47\" data-id=\"3e0e2d47\" data-element_type=\"column\">\n\t\t\t<div class=\"elementor-widget-wrap elementor-element-populated\">\n\t\t\t\t\t\t<div class=\"elementor-element elementor-element-5aebd3e5 elementor-position-left elementor-view-default elementor-mobile-position-top elementor-invisible elementor-widget elementor-widget-icon-box\" data-id=\"5aebd3e5\" data-element_type=\"widget\" data-settings=\"{&quot;_animation&quot;:&quot;fadeInRight&quot;}\" data-widget_type=\"icon-box.default\">\n\t\t\t\t\t\t\t<div class=\"elementor-icon-box-wrapper\">\n\n\t\t\t\t\t\t<div class=\"elementor-icon-box-icon\">\n\t\t\t\t<span  class=\"elementor-icon\">\n\t\t\t\t<i aria-hidden=\"true\" class=\"icon icon-gift\"><\/i>\t\t\t\t<\/span>\n\t\t\t<\/div>\n\t\t\t\n\t\t\t\t\t\t<div class=\"elementor-icon-box-content\">\n\n\t\t\t\t\t\t\t\t\t<h5 class=\"elementor-icon-box-title\">\n\t\t\t\t\t\t<span  >\n\t\t\t\t\t\t\tUnique Details\t\t\t\t\t\t<\/span>\n\t\t\t\t\t<\/h5>\n\t\t\t\t\n\t\t\t\t\t\t\t\t\t<p class=\"elementor-icon-box-description\">\n\t\t\t\t\t\tEach bouquet and floral arrangement is designed with creativity and care, offering an original touch for every special occasion.\t\t\t\t\t<\/p>\n\t\t\t\t\n\t\t\t<\/div>\n\t\t\t\n\t\t<\/div>\n\t\t\t\t\t\t<\/div>\n\t\t\t\t\t<\/div>\n\t\t<\/div>\n\t\t\t\t\t<\/div>\n\t\t<\/section>\n\t\t\t\t<\/div>","protected":false},"excerpt":{"rendered":"<p>\ud83c\udfe1 Detalles \u00fanicos Decoraci\u00f3n Art\u00edculos decorativos con inspiraci\u00f3n floral para tu hogar o negocio, aportando estilo, personalidad y un ambiente acogedor. \ud83c\udf38 Toques que transforman En Florister\u00eda La Flor encontrar\u00e1s piezas decorativas llenas de encanto. Desde peque\u00f1os detalles hasta adornos m\u00e1s especiales, ideales para regalar o dar a tus espacios un aire \u00fanico y personalizado. [&hellip;]<\/p>","protected":false},"author":1,"featured_media":0,"parent":0,"menu_order":0,"comment_status":"closed","ping_status":"closed","template":"elementor_header_footer","meta":{"footnotes":""},"class_list":["post-713","page","type-page","status-publish","hentry"],"_links":{"self":[{"href":"https:\/\/floristerialaflortui.com\/en\/wp-json\/wp\/v2\/pages\/713","targetHints":{"allow":["GET"]}}],"collection":[{"href":"https:\/\/floristerialaflortui.com\/en\/wp-json\/wp\/v2\/pages"}],"about":[{"href":"https:\/\/floristerialaflortui.com\/en\/wp-json\/wp\/v2\/types\/page"}],"author":[{"embeddable":true,"href":"https:\/\/floristerialaflortui.com\/en\/wp-json\/wp\/v2\/users\/1"}],"replies":[{"embeddable":true,"href":"https:\/\/floristerialaflortui.com\/en\/wp-json\/wp\/v2\/comments?post=713"}],"version-history":[{"count":19,"href":"https:\/\/floristerialaflortui.com\/en\/wp-json\/wp\/v2\/pages\/713\/revisions"}],"predecessor-version":[{"id":1065,"href":"https:\/\/floristerialaflortui.com\/en\/wp-json\/wp\/v2\/pages\/713\/revisions\/1065"}],"wp:attachment":[{"href":"https:\/\/floristerialaflortui.com\/en\/wp-json\/wp\/v2\/media?parent=713"}],"curies":[{"name":"wp","href":"https:\/\/api.w.org\/{rel}","templated":true}]}}