{"id":701,"date":"2025-09-25T17:04:46","date_gmt":"2025-09-25T15:04:46","guid":{"rendered":"https:\/\/floristerialaflortui.com\/?page_id=701"},"modified":"2025-11-27T12:01:01","modified_gmt":"2025-11-27T10:01:01","slug":"eventos","status":"publish","type":"page","link":"https:\/\/floristerialaflortui.com\/en\/eventos\/","title":{"rendered":"Events"},"content":{"rendered":"<div data-elementor-type=\"wp-page\" data-elementor-id=\"701\" class=\"elementor elementor-701\">\n\t\t\t\t\t\t<section class=\"elementor-section elementor-top-section elementor-element elementor-element-63dad21d elementor-section-boxed elementor-section-height-default elementor-section-height-default elementor-invisible\" data-id=\"63dad21d\" data-element_type=\"section\" data-settings=\"{&quot;background_background&quot;:&quot;classic&quot;,&quot;animation&quot;:&quot;fadeIn&quot;}\">\n\t\t\t\t\t\t\t<div class=\"elementor-background-overlay\"><\/div>\n\t\t\t\t\t\t\t<div class=\"elementor-container elementor-column-gap-default\">\n\t\t\t\t\t<div class=\"elementor-column elementor-col-100 elementor-top-column elementor-element elementor-element-4d6fd76e\" data-id=\"4d6fd76e\" data-element_type=\"column\">\n\t\t\t<div class=\"elementor-widget-wrap elementor-element-populated\">\n\t\t\t\t\t\t<div class=\"elementor-element elementor-element-3fb6f0e elementor-widget elementor-widget-spacer\" data-id=\"3fb6f0e\" data-element_type=\"widget\" data-widget_type=\"spacer.default\">\n\t\t\t\t\t\t\t<div class=\"elementor-spacer\">\n\t\t\t<div class=\"elementor-spacer-inner\"><\/div>\n\t\t<\/div>\n\t\t\t\t\t\t<\/div>\n\t\t\t\t<div class=\"elementor-element elementor-element-4d924f36 elementor-icon-list--layout-inline elementor-list-item-link-inline elementor-align-center elementor-invisible elementor-widget elementor-widget-icon-list\" data-id=\"4d924f36\" data-element_type=\"widget\" data-settings=\"{&quot;_animation&quot;:&quot;fadeInUp&quot;}\" data-widget_type=\"icon-list.default\">\n\t\t\t\t\t\t\t<ul class=\"elementor-icon-list-items elementor-inline-items\">\n\t\t\t\t\t\t\t<li class=\"elementor-icon-list-item elementor-inline-item\">\n\t\t\t\t\t\t\t\t\t\t<span class=\"elementor-icon-list-text\">\u2728 Unforgettable moments<\/span>\n\t\t\t\t\t\t\t\t\t<\/li>\n\t\t\t\t\t\t<\/ul>\n\t\t\t\t\t\t<\/div>\n\t\t\t\t<div class=\"elementor-element elementor-element-3fb1e613 elementor-invisible elementor-widget elementor-widget-heading\" data-id=\"3fb1e613\" data-element_type=\"widget\" data-settings=\"{&quot;_animation&quot;:&quot;fadeInUp&quot;}\" data-widget_type=\"heading.default\">\n\t\t\t\t\t<h1 class=\"elementor-heading-title elementor-size-default\">Events<\/h1>\t\t\t\t<\/div>\n\t\t\t\t<div class=\"elementor-element elementor-element-aea8fa3 elementor-invisible elementor-widget elementor-widget-text-editor\" data-id=\"aea8fa3\" data-element_type=\"widget\" data-settings=\"{&quot;_animation&quot;:&quot;fadeInUp&quot;}\" data-widget_type=\"text-editor.default\">\n\t\t\t\t\t\t\t\t\t<p>Unique floral decorations for weddings, celebrations, and special events, custom-designed to create magical and memorable atmospheres.<\/p>\t\t\t\t\t\t\t\t<\/div>\n\t\t\t\t\t<\/div>\n\t\t<\/div>\n\t\t\t\t\t<\/div>\n\t\t<\/section>\n\t\t\t\t<section class=\"elementor-section elementor-top-section elementor-element elementor-element-16b2bbc6 elementor-section-boxed elementor-section-height-default elementor-section-height-default\" data-id=\"16b2bbc6\" data-element_type=\"section\">\n\t\t\t\t\t\t<div class=\"elementor-container elementor-column-gap-default\">\n\t\t\t\t\t<div class=\"elementor-column elementor-col-100 elementor-top-column elementor-element elementor-element-642f4175\" data-id=\"642f4175\" data-element_type=\"column\">\n\t\t\t<div class=\"elementor-widget-wrap elementor-element-populated\">\n\t\t\t\t\t\t<div class=\"elementor-element elementor-element-307199bf elementor-icon-list--layout-inline elementor-list-item-link-inline elementor-invisible elementor-widget elementor-widget-icon-list\" data-id=\"307199bf\" data-element_type=\"widget\" data-settings=\"{&quot;_animation&quot;:&quot;fadeInLeft&quot;}\" data-widget_type=\"icon-list.default\">\n\t\t\t\t\t\t\t<ul class=\"elementor-icon-list-items elementor-inline-items\">\n\t\t\t\t\t\t\t<li class=\"elementor-icon-list-item elementor-inline-item\">\n\t\t\t\t\t\t\t\t\t\t\t<span class=\"elementor-icon-list-icon\">\n\t\t\t\t\t\t\t<i aria-hidden=\"true\" class=\"icon icon-leaf\"><\/i>\t\t\t\t\t\t<\/span>\n\t\t\t\t\t\t\t\t\t\t<span class=\"elementor-icon-list-text\">Events<\/span>\n\t\t\t\t\t\t\t\t\t<\/li>\n\t\t\t\t\t\t<\/ul>\n\t\t\t\t\t\t<\/div>\n\t\t\t\t<div class=\"elementor-element elementor-element-3d035874 elementor-invisible elementor-widget elementor-widget-testimonial\" data-id=\"3d035874\" data-element_type=\"widget\" data-settings=\"{&quot;_animation&quot;:&quot;fadeInUp&quot;}\" data-widget_type=\"testimonial.default\">\n\t\t\t\t\t\t\t<div class=\"elementor-testimonial-wrapper\">\n\t\t\t\t\t\t\t<div class=\"elementor-testimonial-content\">At Florister\u00eda La Flor, we transform every event into a unique experience. Bridal bouquets, venue decorations, and centerpieces are carefully crafted to make your celebration unforgettable.<\/div>\n\t\t\t\n\t\t\t\t\t<\/div>\n\t\t\t\t\t\t<\/div>\n\t\t\t\t\t<\/div>\n\t\t<\/div>\n\t\t\t\t\t<\/div>\n\t\t<\/section>\n\t\t<div class=\"elementor-element elementor-element-d191078 e-con-full e-flex e-con e-parent\" data-id=\"d191078\" data-element_type=\"container\">\n\t\t<div class=\"elementor-element elementor-element-f912eb6 e-con-full e-flex e-con e-child\" data-id=\"f912eb6\" data-element_type=\"container\">\n\t\t\t\t<div class=\"elementor-element elementor-element-0769c05 elementor-invisible elementor-widget elementor-widget-image\" data-id=\"0769c05\" data-element_type=\"widget\" data-settings=\"{&quot;_animation&quot;:&quot;fadeIn&quot;,&quot;_animation_delay&quot;:200}\" data-widget_type=\"image.default\">\n\t\t\t\t\t\t\t\t\t\t\t\t\t\t\t\t<a href=\"https:\/\/floristerialaflortui.com\/wp-content\/uploads\/2025\/11\/eventos-2.jpg\" data-elementor-open-lightbox=\"yes\" data-elementor-lightbox-title=\"eventos-2\" data-e-action-hash=\"#elementor-action%3Aaction%3Dlightbox%26settings%3DeyJpZCI6OTQzLCJ1cmwiOiJodHRwczpcL1wvZmxvcmlzdGVyaWFsYWZsb3J0dWkuY29tXC93cC1jb250ZW50XC91cGxvYWRzXC8yMDI1XC8xMVwvZXZlbnRvcy0yLmpwZyJ9\">\n\t\t\t\t\t\t\t<img fetchpriority=\"high\" decoding=\"async\" width=\"800\" height=\"800\" src=\"https:\/\/floristerialaflortui.com\/wp-content\/uploads\/2025\/11\/eventos-2-1024x1024.jpg\" class=\"attachment-large size-large wp-image-943\" alt=\"\" srcset=\"https:\/\/floristerialaflortui.com\/wp-content\/uploads\/2025\/11\/eventos-2-1024x1024.jpg 1024w, https:\/\/floristerialaflortui.com\/wp-content\/uploads\/2025\/11\/eventos-2-300x300.jpg 300w, https:\/\/floristerialaflortui.com\/wp-content\/uploads\/2025\/11\/eventos-2-150x150.jpg 150w, https:\/\/floristerialaflortui.com\/wp-content\/uploads\/2025\/11\/eventos-2-768x768.jpg 768w, https:\/\/floristerialaflortui.com\/wp-content\/uploads\/2025\/11\/eventos-2-12x12.jpg 12w, https:\/\/floristerialaflortui.com\/wp-content\/uploads\/2025\/11\/eventos-2.jpg 1400w\" sizes=\"(max-width: 800px) 100vw, 800px\" \/>\t\t\t\t\t\t\t\t<\/a>\n\t\t\t\t\t\t\t\t\t\t\t\t\t\t\t<\/div>\n\t\t\t\t<\/div>\n\t\t<div class=\"elementor-element elementor-element-89ab379 e-con-full e-flex e-con e-child\" data-id=\"89ab379\" data-element_type=\"container\">\n\t\t\t\t<div class=\"elementor-element elementor-element-0cf83b8 elementor-invisible elementor-widget elementor-widget-image\" data-id=\"0cf83b8\" data-element_type=\"widget\" data-settings=\"{&quot;_animation&quot;:&quot;fadeIn&quot;,&quot;_animation_delay&quot;:200}\" data-widget_type=\"image.default\">\n\t\t\t\t\t\t\t\t\t\t\t\t\t\t\t\t<a href=\"https:\/\/floristerialaflortui.com\/wp-content\/uploads\/2025\/11\/eventos-3.jpg\" data-elementor-open-lightbox=\"yes\" data-elementor-lightbox-title=\"eventos-3\" data-e-action-hash=\"#elementor-action%3Aaction%3Dlightbox%26settings%3DeyJpZCI6OTQ0LCJ1cmwiOiJodHRwczpcL1wvZmxvcmlzdGVyaWFsYWZsb3J0dWkuY29tXC93cC1jb250ZW50XC91cGxvYWRzXC8yMDI1XC8xMVwvZXZlbnRvcy0zLmpwZyJ9\">\n\t\t\t\t\t\t\t<img decoding=\"async\" width=\"800\" height=\"800\" src=\"https:\/\/floristerialaflortui.com\/wp-content\/uploads\/2025\/11\/eventos-3-1024x1024.jpg\" class=\"attachment-large size-large wp-image-944\" alt=\"\" srcset=\"https:\/\/floristerialaflortui.com\/wp-content\/uploads\/2025\/11\/eventos-3-1024x1024.jpg 1024w, https:\/\/floristerialaflortui.com\/wp-content\/uploads\/2025\/11\/eventos-3-300x300.jpg 300w, https:\/\/floristerialaflortui.com\/wp-content\/uploads\/2025\/11\/eventos-3-150x150.jpg 150w, https:\/\/floristerialaflortui.com\/wp-content\/uploads\/2025\/11\/eventos-3-768x768.jpg 768w, https:\/\/floristerialaflortui.com\/wp-content\/uploads\/2025\/11\/eventos-3-12x12.jpg 12w, https:\/\/floristerialaflortui.com\/wp-content\/uploads\/2025\/11\/eventos-3.jpg 1400w\" sizes=\"(max-width: 800px) 100vw, 800px\" \/>\t\t\t\t\t\t\t\t<\/a>\n\t\t\t\t\t\t\t\t\t\t\t\t\t\t\t<\/div>\n\t\t\t\t<\/div>\n\t\t<div class=\"elementor-element elementor-element-107dc51 e-con-full e-flex e-con e-child\" data-id=\"107dc51\" data-element_type=\"container\">\n\t\t\t\t<div class=\"elementor-element elementor-element-0040050 elementor-invisible elementor-widget elementor-widget-image\" data-id=\"0040050\" data-element_type=\"widget\" data-settings=\"{&quot;_animation&quot;:&quot;fadeIn&quot;,&quot;_animation_delay&quot;:200}\" data-widget_type=\"image.default\">\n\t\t\t\t\t\t\t\t\t\t\t\t\t\t\t\t<a href=\"https:\/\/floristerialaflortui.com\/wp-content\/uploads\/2025\/11\/eventos-4.jpg\" data-elementor-open-lightbox=\"yes\" data-elementor-lightbox-title=\"eventos-4\" data-e-action-hash=\"#elementor-action%3Aaction%3Dlightbox%26settings%3DeyJpZCI6OTQ1LCJ1cmwiOiJodHRwczpcL1wvZmxvcmlzdGVyaWFsYWZsb3J0dWkuY29tXC93cC1jb250ZW50XC91cGxvYWRzXC8yMDI1XC8xMVwvZXZlbnRvcy00LmpwZyJ9\">\n\t\t\t\t\t\t\t<img decoding=\"async\" width=\"800\" height=\"800\" src=\"https:\/\/floristerialaflortui.com\/wp-content\/uploads\/2025\/11\/eventos-4-1024x1024.jpg\" class=\"attachment-large size-large wp-image-945\" alt=\"\" srcset=\"https:\/\/floristerialaflortui.com\/wp-content\/uploads\/2025\/11\/eventos-4-1024x1024.jpg 1024w, https:\/\/floristerialaflortui.com\/wp-content\/uploads\/2025\/11\/eventos-4-300x300.jpg 300w, https:\/\/floristerialaflortui.com\/wp-content\/uploads\/2025\/11\/eventos-4-150x150.jpg 150w, https:\/\/floristerialaflortui.com\/wp-content\/uploads\/2025\/11\/eventos-4-768x768.jpg 768w, https:\/\/floristerialaflortui.com\/wp-content\/uploads\/2025\/11\/eventos-4-12x12.jpg 12w, https:\/\/floristerialaflortui.com\/wp-content\/uploads\/2025\/11\/eventos-4.jpg 1400w\" sizes=\"(max-width: 800px) 100vw, 800px\" \/>\t\t\t\t\t\t\t\t<\/a>\n\t\t\t\t\t\t\t\t\t\t\t\t\t\t\t<\/div>\n\t\t\t\t<\/div>\n\t\t\t\t<\/div>\n\t\t<div class=\"elementor-element elementor-element-95556c0 e-con-full e-flex e-con e-parent\" data-id=\"95556c0\" data-element_type=\"container\">\n\t\t<div class=\"elementor-element elementor-element-9c9168b e-con-full e-flex e-con e-child\" data-id=\"9c9168b\" data-element_type=\"container\">\n\t\t\t\t<div class=\"elementor-element elementor-element-fdb649e elementor-invisible elementor-widget elementor-widget-image\" data-id=\"fdb649e\" data-element_type=\"widget\" data-settings=\"{&quot;_animation&quot;:&quot;fadeIn&quot;,&quot;_animation_delay&quot;:200}\" data-widget_type=\"image.default\">\n\t\t\t\t\t\t\t\t\t\t\t\t\t\t\t\t<a href=\"https:\/\/floristerialaflortui.com\/wp-content\/uploads\/2025\/11\/eventos-5.jpg\" data-elementor-open-lightbox=\"yes\" data-elementor-lightbox-title=\"eventos-5\" data-e-action-hash=\"#elementor-action%3Aaction%3Dlightbox%26settings%3DeyJpZCI6OTQ2LCJ1cmwiOiJodHRwczpcL1wvZmxvcmlzdGVyaWFsYWZsb3J0dWkuY29tXC93cC1jb250ZW50XC91cGxvYWRzXC8yMDI1XC8xMVwvZXZlbnRvcy01LmpwZyJ9\">\n\t\t\t\t\t\t\t<img loading=\"lazy\" decoding=\"async\" width=\"800\" height=\"800\" src=\"https:\/\/floristerialaflortui.com\/wp-content\/uploads\/2025\/11\/eventos-5-1024x1024.jpg\" class=\"attachment-large size-large wp-image-946\" alt=\"\" srcset=\"https:\/\/floristerialaflortui.com\/wp-content\/uploads\/2025\/11\/eventos-5-1024x1024.jpg 1024w, https:\/\/floristerialaflortui.com\/wp-content\/uploads\/2025\/11\/eventos-5-300x300.jpg 300w, https:\/\/floristerialaflortui.com\/wp-content\/uploads\/2025\/11\/eventos-5-150x150.jpg 150w, https:\/\/floristerialaflortui.com\/wp-content\/uploads\/2025\/11\/eventos-5-768x768.jpg 768w, https:\/\/floristerialaflortui.com\/wp-content\/uploads\/2025\/11\/eventos-5-12x12.jpg 12w, https:\/\/floristerialaflortui.com\/wp-content\/uploads\/2025\/11\/eventos-5.jpg 1400w\" sizes=\"(max-width: 800px) 100vw, 800px\" \/>\t\t\t\t\t\t\t\t<\/a>\n\t\t\t\t\t\t\t\t\t\t\t\t\t\t\t<\/div>\n\t\t\t\t<\/div>\n\t\t<div class=\"elementor-element elementor-element-7731467 e-con-full e-flex e-con e-child\" data-id=\"7731467\" data-element_type=\"container\">\n\t\t\t\t<div class=\"elementor-element elementor-element-2c137fd elementor-invisible elementor-widget elementor-widget-image\" data-id=\"2c137fd\" data-element_type=\"widget\" data-settings=\"{&quot;_animation&quot;:&quot;fadeIn&quot;,&quot;_animation_delay&quot;:200}\" data-widget_type=\"image.default\">\n\t\t\t\t\t\t\t\t\t\t\t\t\t\t\t\t<a href=\"https:\/\/floristerialaflortui.com\/wp-content\/uploads\/2025\/11\/eventos-6.jpg\" data-elementor-open-lightbox=\"yes\" data-elementor-lightbox-title=\"eventos-6\" data-e-action-hash=\"#elementor-action%3Aaction%3Dlightbox%26settings%3DeyJpZCI6OTQ3LCJ1cmwiOiJodHRwczpcL1wvZmxvcmlzdGVyaWFsYWZsb3J0dWkuY29tXC93cC1jb250ZW50XC91cGxvYWRzXC8yMDI1XC8xMVwvZXZlbnRvcy02LmpwZyJ9\">\n\t\t\t\t\t\t\t<img loading=\"lazy\" decoding=\"async\" width=\"800\" height=\"800\" src=\"https:\/\/floristerialaflortui.com\/wp-content\/uploads\/2025\/11\/eventos-6-1024x1024.jpg\" class=\"attachment-large size-large wp-image-947\" alt=\"\" srcset=\"https:\/\/floristerialaflortui.com\/wp-content\/uploads\/2025\/11\/eventos-6-1024x1024.jpg 1024w, https:\/\/floristerialaflortui.com\/wp-content\/uploads\/2025\/11\/eventos-6-300x300.jpg 300w, https:\/\/floristerialaflortui.com\/wp-content\/uploads\/2025\/11\/eventos-6-150x150.jpg 150w, https:\/\/floristerialaflortui.com\/wp-content\/uploads\/2025\/11\/eventos-6-768x768.jpg 768w, https:\/\/floristerialaflortui.com\/wp-content\/uploads\/2025\/11\/eventos-6-12x12.jpg 12w, https:\/\/floristerialaflortui.com\/wp-content\/uploads\/2025\/11\/eventos-6.jpg 1400w\" sizes=\"(max-width: 800px) 100vw, 800px\" \/>\t\t\t\t\t\t\t\t<\/a>\n\t\t\t\t\t\t\t\t\t\t\t\t\t\t\t<\/div>\n\t\t\t\t<\/div>\n\t\t<div class=\"elementor-element elementor-element-183eb00 e-con-full e-flex e-con e-child\" data-id=\"183eb00\" data-element_type=\"container\">\n\t\t\t\t<div class=\"elementor-element elementor-element-be6cd52 elementor-invisible elementor-widget elementor-widget-image\" data-id=\"be6cd52\" data-element_type=\"widget\" data-settings=\"{&quot;_animation&quot;:&quot;fadeIn&quot;,&quot;_animation_delay&quot;:200}\" data-widget_type=\"image.default\">\n\t\t\t\t\t\t\t\t\t\t\t\t\t\t\t\t<a href=\"https:\/\/floristerialaflortui.com\/wp-content\/uploads\/2025\/11\/eventos-7.jpg\" data-elementor-open-lightbox=\"yes\" data-elementor-lightbox-title=\"eventos-7\" data-e-action-hash=\"#elementor-action%3Aaction%3Dlightbox%26settings%3DeyJpZCI6OTQ4LCJ1cmwiOiJodHRwczpcL1wvZmxvcmlzdGVyaWFsYWZsb3J0dWkuY29tXC93cC1jb250ZW50XC91cGxvYWRzXC8yMDI1XC8xMVwvZXZlbnRvcy03LmpwZyJ9\">\n\t\t\t\t\t\t\t<img loading=\"lazy\" decoding=\"async\" width=\"800\" height=\"800\" src=\"https:\/\/floristerialaflortui.com\/wp-content\/uploads\/2025\/11\/eventos-7-1024x1024.jpg\" class=\"attachment-large size-large wp-image-948\" alt=\"\" srcset=\"https:\/\/floristerialaflortui.com\/wp-content\/uploads\/2025\/11\/eventos-7-1024x1024.jpg 1024w, https:\/\/floristerialaflortui.com\/wp-content\/uploads\/2025\/11\/eventos-7-300x300.jpg 300w, https:\/\/floristerialaflortui.com\/wp-content\/uploads\/2025\/11\/eventos-7-150x150.jpg 150w, https:\/\/floristerialaflortui.com\/wp-content\/uploads\/2025\/11\/eventos-7-768x768.jpg 768w, https:\/\/floristerialaflortui.com\/wp-content\/uploads\/2025\/11\/eventos-7-12x12.jpg 12w, https:\/\/floristerialaflortui.com\/wp-content\/uploads\/2025\/11\/eventos-7.jpg 1400w\" sizes=\"(max-width: 800px) 100vw, 800px\" \/>\t\t\t\t\t\t\t\t<\/a>\n\t\t\t\t\t\t\t\t\t\t\t\t\t\t\t<\/div>\n\t\t\t\t<\/div>\n\t\t\t\t<\/div>\n\t\t\t\t<section class=\"elementor-section elementor-top-section elementor-element elementor-element-604e726 elementor-section-boxed elementor-section-height-default elementor-section-height-default\" data-id=\"604e726\" data-element_type=\"section\">\n\t\t\t\t\t\t<div class=\"elementor-container elementor-column-gap-default\">\n\t\t\t\t\t<div class=\"elementor-column elementor-col-100 elementor-top-column elementor-element elementor-element-0abcd5b\" data-id=\"0abcd5b\" data-element_type=\"column\">\n\t\t\t<div class=\"elementor-widget-wrap elementor-element-populated\">\n\t\t\t\t\t\t<div class=\"elementor-element elementor-element-7dbc313 elementor-invisible elementor-widget elementor-widget-heading\" data-id=\"7dbc313\" data-element_type=\"widget\" data-settings=\"{&quot;_animation&quot;:&quot;fadeInUp&quot;}\" data-widget_type=\"heading.default\">\n\t\t\t\t\t<h2 class=\"elementor-heading-title elementor-size-default\">Custom Work<\/h2>\t\t\t\t<\/div>\n\t\t\t\t<div class=\"elementor-element elementor-element-3ddc115 elementor-invisible elementor-widget elementor-widget-text-editor\" data-id=\"3ddc115\" data-element_type=\"widget\" data-settings=\"{&quot;_animation&quot;:&quot;fadeInUp&quot;}\" data-widget_type=\"text-editor.default\">\n\t\t\t\t\t\t\t\t\t<p class=\"translation-block\">At <strong data-start=\"208\" data-end=\"231\">Florister\u00eda La Flor<\/strong> we create completely custom arrangements and decorations. If you'd like more information or would like to request a personalized order, please contact us and we'll be happy to assist you.<\/p>\t\t\t\t\t\t\t\t<\/div>\n\t\t\t\t<div class=\"elementor-element elementor-element-d809b94 elementor-align-center elementor-invisible elementor-widget elementor-widget-button\" data-id=\"d809b94\" data-element_type=\"widget\" data-settings=\"{&quot;_animation&quot;:&quot;fadeInUp&quot;}\" data-widget_type=\"button.default\">\n\t\t\t\t\t\t\t\t\t\t<a class=\"elementor-button elementor-button-link elementor-size-sm\" href=\"https:\/\/floristerialaflortui.com\/en\/contacto\/\">\n\t\t\t\t\t\t<span class=\"elementor-button-content-wrapper\">\n\t\t\t\t\t\t\t\t\t<span class=\"elementor-button-text\">contact<\/span>\n\t\t\t\t\t<\/span>\n\t\t\t\t\t<\/a>\n\t\t\t\t\t\t\t\t<\/div>\n\t\t\t\t\t<\/div>\n\t\t<\/div>\n\t\t\t\t\t<\/div>\n\t\t<\/section>\n\t\t\t\t<section class=\"elementor-section elementor-top-section elementor-element elementor-element-6fba25ff elementor-section-boxed elementor-section-height-default elementor-section-height-default\" data-id=\"6fba25ff\" data-element_type=\"section\">\n\t\t\t\t\t\t<div class=\"elementor-container elementor-column-gap-default\">\n\t\t\t\t\t<div class=\"elementor-column elementor-col-100 elementor-top-column elementor-element elementor-element-3629d193\" data-id=\"3629d193\" data-element_type=\"column\">\n\t\t\t<div class=\"elementor-widget-wrap elementor-element-populated\">\n\t\t\t\t\t\t<div class=\"elementor-element elementor-element-6d035952 elementor-widget-divider--view-line elementor-invisible elementor-widget elementor-widget-divider\" data-id=\"6d035952\" data-element_type=\"widget\" data-settings=\"{&quot;_animation&quot;:&quot;fadeIn&quot;}\" data-widget_type=\"divider.default\">\n\t\t\t\t\t\t\t<div class=\"elementor-divider\">\n\t\t\t<span class=\"elementor-divider-separator\">\n\t\t\t\t\t\t<\/span>\n\t\t<\/div>\n\t\t\t\t\t\t<\/div>\n\t\t\t\t\t<\/div>\n\t\t<\/div>\n\t\t\t\t\t<\/div>\n\t\t<\/section>\n\t\t\t\t<section class=\"elementor-section elementor-top-section elementor-element elementor-element-3ea3da25 elementor-section-boxed elementor-section-height-default elementor-section-height-default\" data-id=\"3ea3da25\" data-element_type=\"section\" data-settings=\"{&quot;background_background&quot;:&quot;classic&quot;}\">\n\t\t\t\t\t\t<div class=\"elementor-container elementor-column-gap-default\">\n\t\t\t\t\t<div class=\"elementor-column elementor-col-33 elementor-top-column elementor-element elementor-element-7b802610\" data-id=\"7b802610\" data-element_type=\"column\">\n\t\t\t<div class=\"elementor-widget-wrap elementor-element-populated\">\n\t\t\t\t\t\t<div class=\"elementor-element elementor-element-172659c2 elementor-position-left elementor-view-default elementor-mobile-position-top elementor-invisible elementor-widget elementor-widget-icon-box\" data-id=\"172659c2\" data-element_type=\"widget\" data-settings=\"{&quot;_animation&quot;:&quot;fadeInLeft&quot;}\" data-widget_type=\"icon-box.default\">\n\t\t\t\t\t\t\t<div class=\"elementor-icon-box-wrapper\">\n\n\t\t\t\t\t\t<div class=\"elementor-icon-box-icon\">\n\t\t\t\t<span  class=\"elementor-icon\">\n\t\t\t\t<i aria-hidden=\"true\" class=\"icon icon-flower\"><\/i>\t\t\t\t<\/span>\n\t\t\t<\/div>\n\t\t\t\n\t\t\t\t\t\t<div class=\"elementor-icon-box-content\">\n\n\t\t\t\t\t\t\t\t\t<h5 class=\"elementor-icon-box-title\">\n\t\t\t\t\t\t<span  >\n\t\t\t\t\t\t\tFresh Flowers\t\t\t\t\t\t<\/span>\n\t\t\t\t\t<\/h5>\n\t\t\t\t\n\t\t\t\t\t\t\t\t\t<p class=\"elementor-icon-box-description\">\n\t\t\t\t\t\tWe always work with fresh, seasonal flowers, carefully selected to ensure the best quality and longevity in each order.\t\t\t\t\t<\/p>\n\t\t\t\t\n\t\t\t<\/div>\n\t\t\t\n\t\t<\/div>\n\t\t\t\t\t\t<\/div>\n\t\t\t\t\t<\/div>\n\t\t<\/div>\n\t\t\t\t<div class=\"elementor-column elementor-col-33 elementor-top-column elementor-element elementor-element-696e8d40\" data-id=\"696e8d40\" data-element_type=\"column\">\n\t\t\t<div class=\"elementor-widget-wrap elementor-element-populated\">\n\t\t\t\t\t\t<div class=\"elementor-element elementor-element-7ac20625 elementor-position-left elementor-view-default elementor-mobile-position-top elementor-invisible elementor-widget elementor-widget-icon-box\" data-id=\"7ac20625\" data-element_type=\"widget\" data-settings=\"{&quot;_animation&quot;:&quot;fadeInUp&quot;}\" data-widget_type=\"icon-box.default\">\n\t\t\t\t\t\t\t<div class=\"elementor-icon-box-wrapper\">\n\n\t\t\t\t\t\t<div class=\"elementor-icon-box-icon\">\n\t\t\t\t<span  class=\"elementor-icon\">\n\t\t\t\t<i aria-hidden=\"true\" class=\"icon icon-truck-2\"><\/i>\t\t\t\t<\/span>\n\t\t\t<\/div>\n\t\t\t\n\t\t\t\t\t\t<div class=\"elementor-icon-box-content\">\n\n\t\t\t\t\t\t\t\t\t<h5 class=\"elementor-icon-box-title\">\n\t\t\t\t\t\t<span  >\n\t\t\t\t\t\t\tFast Shipping\t\t\t\t\t\t<\/span>\n\t\t\t\t\t<\/h5>\n\t\t\t\t\n\t\t\t\t\t\t\t\t\t<p class=\"elementor-icon-box-description\">\n\t\t\t\t\t\tWe deliver your flowers promptly and safely, whether in Tui or the surrounding area, or with national and international shipments.\t\t\t\t\t<\/p>\n\t\t\t\t\n\t\t\t<\/div>\n\t\t\t\n\t\t<\/div>\n\t\t\t\t\t\t<\/div>\n\t\t\t\t\t<\/div>\n\t\t<\/div>\n\t\t\t\t<div class=\"elementor-column elementor-col-33 elementor-top-column elementor-element elementor-element-3e0e2d47\" data-id=\"3e0e2d47\" data-element_type=\"column\">\n\t\t\t<div class=\"elementor-widget-wrap elementor-element-populated\">\n\t\t\t\t\t\t<div class=\"elementor-element elementor-element-5aebd3e5 elementor-position-left elementor-view-default elementor-mobile-position-top elementor-invisible elementor-widget elementor-widget-icon-box\" data-id=\"5aebd3e5\" data-element_type=\"widget\" data-settings=\"{&quot;_animation&quot;:&quot;fadeInRight&quot;}\" data-widget_type=\"icon-box.default\">\n\t\t\t\t\t\t\t<div class=\"elementor-icon-box-wrapper\">\n\n\t\t\t\t\t\t<div class=\"elementor-icon-box-icon\">\n\t\t\t\t<span  class=\"elementor-icon\">\n\t\t\t\t<i aria-hidden=\"true\" class=\"icon icon-gift\"><\/i>\t\t\t\t<\/span>\n\t\t\t<\/div>\n\t\t\t\n\t\t\t\t\t\t<div class=\"elementor-icon-box-content\">\n\n\t\t\t\t\t\t\t\t\t<h5 class=\"elementor-icon-box-title\">\n\t\t\t\t\t\t<span  >\n\t\t\t\t\t\t\tUnique Details\t\t\t\t\t\t<\/span>\n\t\t\t\t\t<\/h5>\n\t\t\t\t\n\t\t\t\t\t\t\t\t\t<p class=\"elementor-icon-box-description\">\n\t\t\t\t\t\tEach bouquet and floral arrangement is designed with creativity and care, offering an original touch for every special occasion.\t\t\t\t\t<\/p>\n\t\t\t\t\n\t\t\t<\/div>\n\t\t\t\n\t\t<\/div>\n\t\t\t\t\t\t<\/div>\n\t\t\t\t\t<\/div>\n\t\t<\/div>\n\t\t\t\t\t<\/div>\n\t\t<\/section>\n\t\t\t\t<\/div>","protected":false},"excerpt":{"rendered":"<p>\u2728 Momentos inolvidables Eventos Decoraciones florales \u00fanicas para bodas, celebraciones y eventos especiales, dise\u00f1adas a medida para crear ambientes m\u00e1gicos y memorables. Eventos En Florister\u00eda La Flor transformamos cada evento en una experiencia \u00fanica. Ramos de novia, decoraciones de espacios y centros de mesa creados con detalle para hacer de tu celebraci\u00f3n algo inolvidable. Trabajos [&hellip;]<\/p>","protected":false},"author":1,"featured_media":0,"parent":0,"menu_order":0,"comment_status":"closed","ping_status":"closed","template":"elementor_header_footer","meta":{"footnotes":""},"class_list":["post-701","page","type-page","status-publish","hentry"],"_links":{"self":[{"href":"https:\/\/floristerialaflortui.com\/en\/wp-json\/wp\/v2\/pages\/701","targetHints":{"allow":["GET"]}}],"collection":[{"href":"https:\/\/floristerialaflortui.com\/en\/wp-json\/wp\/v2\/pages"}],"about":[{"href":"https:\/\/floristerialaflortui.com\/en\/wp-json\/wp\/v2\/types\/page"}],"author":[{"embeddable":true,"href":"https:\/\/floristerialaflortui.com\/en\/wp-json\/wp\/v2\/users\/1"}],"replies":[{"embeddable":true,"href":"https:\/\/floristerialaflortui.com\/en\/wp-json\/wp\/v2\/comments?post=701"}],"version-history":[{"count":25,"href":"https:\/\/floristerialaflortui.com\/en\/wp-json\/wp\/v2\/pages\/701\/revisions"}],"predecessor-version":[{"id":1051,"href":"https:\/\/floristerialaflortui.com\/en\/wp-json\/wp\/v2\/pages\/701\/revisions\/1051"}],"wp:attachment":[{"href":"https:\/\/floristerialaflortui.com\/en\/wp-json\/wp\/v2\/media?parent=701"}],"curies":[{"name":"wp","href":"https:\/\/api.w.org\/{rel}","templated":true}]}}