{"id":439,"date":"2025-08-29T08:56:30","date_gmt":"2025-08-29T08:56:30","guid":{"rendered":"https:\/\/floristerialaflortui.com\/?page_id=439"},"modified":"2025-09-17T11:31:08","modified_gmt":"2025-09-17T11:31:08","slug":"envios","status":"publish","type":"page","link":"https:\/\/floristerialaflortui.com\/en\/envios\/","title":{"rendered":"Env\u00edos"},"content":{"rendered":"<div data-elementor-type=\"wp-page\" data-elementor-id=\"439\" class=\"elementor elementor-439\">\n\t\t\t\t\t\t<section class=\"elementor-section elementor-top-section elementor-element elementor-element-63dad21d elementor-section-boxed elementor-section-height-default elementor-section-height-default elementor-invisible\" data-id=\"63dad21d\" data-element_type=\"section\" data-settings=\"{&quot;background_background&quot;:&quot;classic&quot;,&quot;animation&quot;:&quot;fadeIn&quot;}\">\n\t\t\t\t\t\t\t<div class=\"elementor-background-overlay\"><\/div>\n\t\t\t\t\t\t\t<div class=\"elementor-container elementor-column-gap-default\">\n\t\t\t\t\t<div class=\"elementor-column elementor-col-100 elementor-top-column elementor-element elementor-element-4d6fd76e\" data-id=\"4d6fd76e\" data-element_type=\"column\">\n\t\t\t<div class=\"elementor-widget-wrap elementor-element-populated\">\n\t\t\t\t\t\t<div class=\"elementor-element elementor-element-3fb6f0e elementor-widget elementor-widget-spacer\" data-id=\"3fb6f0e\" data-element_type=\"widget\" data-widget_type=\"spacer.default\">\n\t\t\t\t\t\t\t<div class=\"elementor-spacer\">\n\t\t\t<div class=\"elementor-spacer-inner\"><\/div>\n\t\t<\/div>\n\t\t\t\t\t\t<\/div>\n\t\t\t\t<div class=\"elementor-element elementor-element-4d924f36 elementor-icon-list--layout-inline elementor-list-item-link-inline elementor-align-center elementor-invisible elementor-widget elementor-widget-icon-list\" data-id=\"4d924f36\" data-element_type=\"widget\" data-settings=\"{&quot;_animation&quot;:&quot;fadeInUp&quot;}\" data-widget_type=\"icon-list.default\">\n\t\t\t\t\t\t\t<ul class=\"elementor-icon-list-items elementor-inline-items\">\n\t\t\t\t\t\t\t<li class=\"elementor-icon-list-item elementor-inline-item\">\n\t\t\t\t\t\t\t\t\t\t<span class=\"elementor-icon-list-text\">\ud83d\ude9a Env\u00edos a Domicilio<\/span>\n\t\t\t\t\t\t\t\t\t<\/li>\n\t\t\t\t\t\t<\/ul>\n\t\t\t\t\t\t<\/div>\n\t\t\t\t<div class=\"elementor-element elementor-element-3fb1e613 elementor-invisible elementor-widget elementor-widget-heading\" data-id=\"3fb1e613\" data-element_type=\"widget\" data-settings=\"{&quot;_animation&quot;:&quot;fadeInUp&quot;}\" data-widget_type=\"heading.default\">\n\t\t\t\t\t<h1 class=\"elementor-heading-title elementor-size-default\">Flores frescas, donde t\u00fa quieras<\/h1>\t\t\t\t<\/div>\n\t\t\t\t<div class=\"elementor-element elementor-element-aea8fa3 elementor-invisible elementor-widget elementor-widget-text-editor\" data-id=\"aea8fa3\" data-element_type=\"widget\" data-settings=\"{&quot;_animation&quot;:&quot;fadeInUp&quot;}\" data-widget_type=\"text-editor.default\">\n\t\t\t\t\t\t\t\t\t<p>En <strong data-start=\"425\" data-end=\"448\">Florister\u00eda La Flor<\/strong> realizamos entregas en Tui y alrededores, llevando ramos y decoraciones directamente a tu domicilio con frescura, cuidado y total puntualidad.<\/p>\t\t\t\t\t\t\t\t<\/div>\n\t\t\t\t\t<\/div>\n\t\t<\/div>\n\t\t\t\t\t<\/div>\n\t\t<\/section>\n\t\t\t\t<section class=\"elementor-section elementor-top-section elementor-element elementor-element-54bfd700 elementor-section-boxed elementor-section-height-default elementor-section-height-default\" data-id=\"54bfd700\" data-element_type=\"section\" data-settings=\"{&quot;background_background&quot;:&quot;classic&quot;}\">\n\t\t\t\t\t\t<div class=\"elementor-container elementor-column-gap-default\">\n\t\t\t\t\t<div class=\"elementor-column elementor-col-50 elementor-top-column elementor-element elementor-element-388a897c\" data-id=\"388a897c\" data-element_type=\"column\">\n\t\t\t<div class=\"elementor-widget-wrap elementor-element-populated\">\n\t\t\t\t\t\t<div class=\"elementor-element elementor-element-4bb16e70 elementor-icon-list--layout-inline elementor-list-item-link-inline elementor-invisible elementor-widget elementor-widget-icon-list\" data-id=\"4bb16e70\" data-element_type=\"widget\" data-settings=\"{&quot;_animation&quot;:&quot;fadeInLeft&quot;}\" data-widget_type=\"icon-list.default\">\n\t\t\t\t\t\t\t<ul class=\"elementor-icon-list-items elementor-inline-items\">\n\t\t\t\t\t\t\t<li class=\"elementor-icon-list-item elementor-inline-item\">\n\t\t\t\t\t\t\t\t\t\t\t<span class=\"elementor-icon-list-icon\">\n\t\t\t\t\t\t\t<i aria-hidden=\"true\" class=\"icon icon-leaf\"><\/i>\t\t\t\t\t\t<\/span>\n\t\t\t\t\t\t\t\t\t\t<span class=\"elementor-icon-list-text\">Env\u00edos a tu medida<\/span>\n\t\t\t\t\t\t\t\t\t<\/li>\n\t\t\t\t\t\t<\/ul>\n\t\t\t\t\t\t<\/div>\n\t\t\t\t<div class=\"elementor-element elementor-element-4819e54c elementor-invisible elementor-widget elementor-widget-text-editor\" data-id=\"4819e54c\" data-element_type=\"widget\" data-settings=\"{&quot;_animation&quot;:&quot;fadeInUp&quot;}\" data-widget_type=\"text-editor.default\">\n\t\t\t\t\t\t\t\t\t<p data-start=\"133\" data-end=\"296\">En <strong data-start=\"136\" data-end=\"159\">Florister\u00eda La Flor<\/strong> entregamos personalmente nuestras flores en la direcci\u00f3n que nos indiques, cuidando cada detalle para que lleguen frescas y puntuales.<\/p><p data-start=\"298\" data-end=\"336\"><strong data-start=\"298\" data-end=\"334\">Nuestra zona de reparto incluye:<\/strong><\/p><ul data-start=\"338\" data-end=\"483\"><li data-start=\"338\" data-end=\"349\"><p data-start=\"340\" data-end=\"349\"><strong data-start=\"340\" data-end=\"347\">Tui<\/strong><\/p><\/li><li data-start=\"350\" data-end=\"367\"><p data-start=\"352\" data-end=\"367\"><strong data-start=\"352\" data-end=\"365\">O Porri\u00f1o<\/strong><\/p><\/li><li data-start=\"368\" data-end=\"379\"><p data-start=\"370\" data-end=\"379\"><strong data-start=\"370\" data-end=\"377\">Mos<\/strong><\/p><\/li><li data-start=\"380\" data-end=\"395\"><p data-start=\"382\" data-end=\"395\"><strong data-start=\"382\" data-end=\"393\">Salceda<\/strong><\/p><\/li><li data-start=\"396\" data-end=\"408\"><p data-start=\"398\" data-end=\"408\"><strong data-start=\"398\" data-end=\"406\">Vigo<\/strong><\/p><\/li><li data-start=\"409\" data-end=\"423\"><p data-start=\"411\" data-end=\"423\"><strong data-start=\"411\" data-end=\"421\">Tomi\u00f1o<\/strong><\/p><\/li><li data-start=\"424\" data-end=\"440\"><p data-start=\"426\" data-end=\"440\"><strong data-start=\"426\" data-end=\"438\">A Guarda<\/strong><\/p><\/li><li data-start=\"441\" data-end=\"467\"><p data-start=\"443\" data-end=\"467\"><strong data-start=\"443\" data-end=\"465\">Salvaterra de Mi\u00f1o<\/strong><\/p><\/li><li data-start=\"468\" data-end=\"483\"><p data-start=\"470\" data-end=\"483\"><strong data-start=\"470\" data-end=\"481\">Valen\u00e7a<\/strong><\/p><\/li><\/ul><p data-start=\"485\" data-end=\"525\"><strong data-start=\"485\" data-end=\"523\">Adem\u00e1s, tambi\u00e9n realizamos env\u00edos:<\/strong><\/p><ul data-start=\"527\" data-end=\"585\"><li data-start=\"527\" data-end=\"542\"><p data-start=\"529\" data-end=\"542\"><strong data-start=\"529\" data-end=\"540\">Locales<\/strong><\/p><\/li><li data-start=\"543\" data-end=\"561\"><p data-start=\"545\" data-end=\"561\"><strong data-start=\"545\" data-end=\"559\">Nacionales<\/strong><\/p><\/li><li data-start=\"562\" data-end=\"585\"><p data-start=\"564\" data-end=\"585\"><strong data-start=\"564\" data-end=\"583\">Internacionales<\/strong><\/p><\/li><\/ul><p data-start=\"587\" data-end=\"723\">\u2728 <em data-start=\"589\" data-end=\"721\">Si el destino de tus flores no aparece en esta lista, ll\u00e1manos sin compromiso. Tal vez podamos adecuar el env\u00edo a tus necesidades.<\/em><\/p>\t\t\t\t\t\t\t\t<\/div>\n\t\t\t\t\t<\/div>\n\t\t<\/div>\n\t\t\t\t<div class=\"elementor-column elementor-col-50 elementor-top-column elementor-element elementor-element-28a2f0bd\" data-id=\"28a2f0bd\" data-element_type=\"column\">\n\t\t\t<div class=\"elementor-widget-wrap elementor-element-populated\">\n\t\t\t\t\t\t<div class=\"elementor-element elementor-element-2781fe3 elementor-invisible elementor-widget elementor-widget-image\" data-id=\"2781fe3\" data-element_type=\"widget\" data-settings=\"{&quot;_animation&quot;:&quot;fadeInUp&quot;}\" data-widget_type=\"image.default\">\n\t\t\t\t\t\t\t\t\t\t\t\t\t\t\t<img fetchpriority=\"high\" decoding=\"async\" width=\"800\" height=\"800\" src=\"https:\/\/floristerialaflortui.com\/wp-content\/uploads\/2025\/08\/env-1.jpg\" class=\"attachment-full size-full wp-image-453\" alt=\"\" srcset=\"https:\/\/floristerialaflortui.com\/wp-content\/uploads\/2025\/08\/env-1.jpg 800w, https:\/\/floristerialaflortui.com\/wp-content\/uploads\/2025\/08\/env-1-300x300.jpg 300w, https:\/\/floristerialaflortui.com\/wp-content\/uploads\/2025\/08\/env-1-150x150.jpg 150w, https:\/\/floristerialaflortui.com\/wp-content\/uploads\/2025\/08\/env-1-768x768.jpg 768w\" sizes=\"(max-width: 800px) 100vw, 800px\" \/>\t\t\t\t\t\t\t\t\t\t\t\t\t\t\t<\/div>\n\t\t\t\t\t<\/div>\n\t\t<\/div>\n\t\t\t\t\t<\/div>\n\t\t<\/section>\n\t\t\t\t<\/div>","protected":false},"excerpt":{"rendered":"<p>\ud83d\ude9a Env\u00edos a Domicilio Flores frescas, donde t\u00fa quieras En Florister\u00eda La Flor realizamos entregas en Tui y alrededores, llevando ramos y decoraciones directamente a tu domicilio con frescura, cuidado y total puntualidad. Env\u00edos a tu medida En Florister\u00eda La Flor entregamos personalmente nuestras flores en la direcci\u00f3n que nos indiques, cuidando cada detalle para [&hellip;]<\/p>","protected":false},"author":1,"featured_media":0,"parent":0,"menu_order":0,"comment_status":"closed","ping_status":"closed","template":"elementor_header_footer","meta":{"footnotes":""},"class_list":["post-439","page","type-page","status-publish","hentry"],"_links":{"self":[{"href":"https:\/\/floristerialaflortui.com\/en\/wp-json\/wp\/v2\/pages\/439","targetHints":{"allow":["GET"]}}],"collection":[{"href":"https:\/\/floristerialaflortui.com\/en\/wp-json\/wp\/v2\/pages"}],"about":[{"href":"https:\/\/floristerialaflortui.com\/en\/wp-json\/wp\/v2\/types\/page"}],"author":[{"embeddable":true,"href":"https:\/\/floristerialaflortui.com\/en\/wp-json\/wp\/v2\/users\/1"}],"replies":[{"embeddable":true,"href":"https:\/\/floristerialaflortui.com\/en\/wp-json\/wp\/v2\/comments?post=439"}],"version-history":[{"count":16,"href":"https:\/\/floristerialaflortui.com\/en\/wp-json\/wp\/v2\/pages\/439\/revisions"}],"predecessor-version":[{"id":519,"href":"https:\/\/floristerialaflortui.com\/en\/wp-json\/wp\/v2\/pages\/439\/revisions\/519"}],"wp:attachment":[{"href":"https:\/\/floristerialaflortui.com\/en\/wp-json\/wp\/v2\/media?parent=439"}],"curies":[{"name":"wp","href":"https:\/\/api.w.org\/{rel}","templated":true}]}}