{"id":223,"date":"2025-08-27T10:42:17","date_gmt":"2025-08-27T10:42:17","guid":{"rendered":"https:\/\/floristerialaflortui.com\/?page_id=223"},"modified":"2025-12-12T13:12:03","modified_gmt":"2025-12-12T11:12:03","slug":"nosotros","status":"publish","type":"page","link":"https:\/\/floristerialaflortui.com\/en\/nosotros\/","title":{"rendered":"About Us"},"content":{"rendered":"<div data-elementor-type=\"wp-page\" data-elementor-id=\"223\" class=\"elementor elementor-223\">\n\t\t\t\t\t\t<section class=\"elementor-section elementor-top-section elementor-element elementor-element-63dad21d elementor-section-boxed elementor-section-height-default elementor-section-height-default elementor-invisible\" data-id=\"63dad21d\" data-element_type=\"section\" data-settings=\"{&quot;background_background&quot;:&quot;classic&quot;,&quot;animation&quot;:&quot;fadeIn&quot;}\">\n\t\t\t\t\t\t\t<div class=\"elementor-background-overlay\"><\/div>\n\t\t\t\t\t\t\t<div class=\"elementor-container elementor-column-gap-default\">\n\t\t\t\t\t<div class=\"elementor-column elementor-col-100 elementor-top-column elementor-element elementor-element-4d6fd76e\" data-id=\"4d6fd76e\" data-element_type=\"column\">\n\t\t\t<div class=\"elementor-widget-wrap elementor-element-populated\">\n\t\t\t\t\t\t<div class=\"elementor-element elementor-element-3fb6f0e elementor-widget elementor-widget-spacer\" data-id=\"3fb6f0e\" data-element_type=\"widget\" data-widget_type=\"spacer.default\">\n\t\t\t\t\t\t\t<div class=\"elementor-spacer\">\n\t\t\t<div class=\"elementor-spacer-inner\"><\/div>\n\t\t<\/div>\n\t\t\t\t\t\t<\/div>\n\t\t\t\t<div class=\"elementor-element elementor-element-4d924f36 elementor-icon-list--layout-inline elementor-list-item-link-inline elementor-align-center elementor-invisible elementor-widget elementor-widget-icon-list\" data-id=\"4d924f36\" data-element_type=\"widget\" data-settings=\"{&quot;_animation&quot;:&quot;fadeInUp&quot;}\" data-widget_type=\"icon-list.default\">\n\t\t\t\t\t\t\t<ul class=\"elementor-icon-list-items elementor-inline-items\">\n\t\t\t\t\t\t\t<li class=\"elementor-icon-list-item elementor-inline-item\">\n\t\t\t\t\t\t\t\t\t\t<span class=\"elementor-icon-list-text\">\ud83c\udf38 Floral art professionals<\/span>\n\t\t\t\t\t\t\t\t\t<\/li>\n\t\t\t\t\t\t<\/ul>\n\t\t\t\t\t\t<\/div>\n\t\t\t\t<div class=\"elementor-element elementor-element-3fb1e613 elementor-invisible elementor-widget elementor-widget-heading\" data-id=\"3fb1e613\" data-element_type=\"widget\" data-settings=\"{&quot;_animation&quot;:&quot;fadeInUp&quot;}\" data-widget_type=\"heading.default\">\n\t\t\t\t\t<h1 class=\"elementor-heading-title elementor-size-default translation-block\">Florist<br>\nLa Flor<\/h1>\t\t\t\t<\/div>\n\t\t\t\t<div class=\"elementor-element elementor-element-aea8fa3 elementor-invisible elementor-widget elementor-widget-text-editor\" data-id=\"aea8fa3\" data-element_type=\"widget\" data-settings=\"{&quot;_animation&quot;:&quot;fadeInUp&quot;}\" data-widget_type=\"text-editor.default\">\n\t\t\t\t\t\t\t\t\t<p>For over 20 years, creating unique bouquets, decorations, and arrangements with passion, experience, and a consistently friendly approach.<\/p>\t\t\t\t\t\t\t\t<\/div>\n\t\t\t\t\t<\/div>\n\t\t<\/div>\n\t\t\t\t\t<\/div>\n\t\t<\/section>\n\t\t\t\t<section class=\"elementor-section elementor-top-section elementor-element elementor-element-16b2bbc6 elementor-section-boxed elementor-section-height-default elementor-section-height-default\" data-id=\"16b2bbc6\" data-element_type=\"section\">\n\t\t\t\t\t\t<div class=\"elementor-container elementor-column-gap-default\">\n\t\t\t\t\t<div class=\"elementor-column elementor-col-100 elementor-top-column elementor-element elementor-element-642f4175\" data-id=\"642f4175\" data-element_type=\"column\">\n\t\t\t<div class=\"elementor-widget-wrap elementor-element-populated\">\n\t\t\t\t\t\t<div class=\"elementor-element elementor-element-307199bf elementor-icon-list--layout-inline elementor-list-item-link-inline elementor-invisible elementor-widget elementor-widget-icon-list\" data-id=\"307199bf\" data-element_type=\"widget\" data-settings=\"{&quot;_animation&quot;:&quot;fadeInLeft&quot;}\" data-widget_type=\"icon-list.default\">\n\t\t\t\t\t\t\t<ul class=\"elementor-icon-list-items elementor-inline-items\">\n\t\t\t\t\t\t\t<li class=\"elementor-icon-list-item elementor-inline-item\">\n\t\t\t\t\t\t\t\t\t\t\t<span class=\"elementor-icon-list-icon\">\n\t\t\t\t\t\t\t<i aria-hidden=\"true\" class=\"icon icon-leaf\"><\/i>\t\t\t\t\t\t<\/span>\n\t\t\t\t\t\t\t\t\t\t<span class=\"elementor-icon-list-text\">About Us<\/span>\n\t\t\t\t\t\t\t\t\t<\/li>\n\t\t\t\t\t\t<\/ul>\n\t\t\t\t\t\t<\/div>\n\t\t\t\t<div class=\"elementor-element elementor-element-3d035874 elementor-invisible elementor-widget elementor-widget-testimonial\" data-id=\"3d035874\" data-element_type=\"widget\" data-settings=\"{&quot;_animation&quot;:&quot;fadeInUp&quot;}\" data-widget_type=\"testimonial.default\">\n\t\t\t\t\t\t\t<div class=\"elementor-testimonial-wrapper\">\n\t\t\t\t\t\t\t<div class=\"elementor-testimonial-content\">At Florister\u00eda La Flor, we believe that every bouquet tells a story and that flowers are the purest language of emotions. Our commitment is to transform every detail into an unforgettable memory.<\/div>\n\t\t\t\n\t\t\t\t\t<\/div>\n\t\t\t\t\t\t<\/div>\n\t\t\t\t\t<\/div>\n\t\t<\/div>\n\t\t\t\t\t<\/div>\n\t\t<\/section>\n\t\t\t\t<section class=\"elementor-section elementor-top-section elementor-element elementor-element-28d9d92 elementor-section-boxed elementor-section-height-default elementor-section-height-default elementor-invisible\" data-id=\"28d9d92\" data-element_type=\"section\" data-settings=\"{&quot;background_background&quot;:&quot;classic&quot;,&quot;animation&quot;:&quot;fadeIn&quot;}\">\n\t\t\t\t\t\t\t<div class=\"elementor-background-overlay\"><\/div>\n\t\t\t\t\t\t\t<div class=\"elementor-container elementor-column-gap-default\">\n\t\t\t\t\t<div class=\"elementor-column elementor-col-25 elementor-top-column elementor-element elementor-element-c2630e4 elementor-invisible\" data-id=\"c2630e4\" data-element_type=\"column\" data-settings=\"{&quot;animation&quot;:&quot;fadeIn&quot;}\">\n\t\t\t<div class=\"elementor-widget-wrap elementor-element-populated\">\n\t\t\t\t\t\t<div class=\"elementor-element elementor-element-3b4bcba elementor-invisible elementor-widget elementor-widget-counter\" data-id=\"3b4bcba\" data-element_type=\"widget\" data-settings=\"{&quot;_animation&quot;:&quot;fadeInUp&quot;}\" data-widget_type=\"counter.default\">\n\t\t\t\t\t\t\t<div class=\"elementor-counter\">\n\t\t\t<div class=\"elementor-counter-title\">Years of experience<\/div>\t\t\t<div class=\"elementor-counter-number-wrapper\">\n\t\t\t\t<span class=\"elementor-counter-number-prefix\">+<\/span>\n\t\t\t\t<span class=\"elementor-counter-number\" data-duration=\"2000\" data-to-value=\"20\" data-from-value=\"0\" data-delimiter=\",\">0<\/span>\n\t\t\t\t<span class=\"elementor-counter-number-suffix\"><\/span>\n\t\t\t<\/div>\n\t\t<\/div>\n\t\t\t\t\t\t<\/div>\n\t\t\t\t\t<\/div>\n\t\t<\/div>\n\t\t\t\t<div class=\"elementor-column elementor-col-25 elementor-top-column elementor-element elementor-element-ecd52e2 elementor-invisible\" data-id=\"ecd52e2\" data-element_type=\"column\" data-settings=\"{&quot;animation&quot;:&quot;fadeIn&quot;}\">\n\t\t\t<div class=\"elementor-widget-wrap elementor-element-populated\">\n\t\t\t\t\t\t<div class=\"elementor-element elementor-element-fed34a5 elementor-invisible elementor-widget elementor-widget-counter\" data-id=\"fed34a5\" data-element_type=\"widget\" data-settings=\"{&quot;_animation&quot;:&quot;fadeInUp&quot;,&quot;_animation_delay&quot;:250}\" data-widget_type=\"counter.default\">\n\t\t\t\t\t\t\t<div class=\"elementor-counter\">\n\t\t\t<div class=\"elementor-counter-title\">Decorated Events<\/div>\t\t\t<div class=\"elementor-counter-number-wrapper\">\n\t\t\t\t<span class=\"elementor-counter-number-prefix\">+<\/span>\n\t\t\t\t<span class=\"elementor-counter-number\" data-duration=\"2000\" data-to-value=\"120\" data-from-value=\"0\" data-delimiter=\",\">0<\/span>\n\t\t\t\t<span class=\"elementor-counter-number-suffix\"><\/span>\n\t\t\t<\/div>\n\t\t<\/div>\n\t\t\t\t\t\t<\/div>\n\t\t\t\t\t<\/div>\n\t\t<\/div>\n\t\t\t\t<div class=\"elementor-column elementor-col-25 elementor-top-column elementor-element elementor-element-117a860 elementor-invisible\" data-id=\"117a860\" data-element_type=\"column\" data-settings=\"{&quot;animation&quot;:&quot;fadeIn&quot;}\">\n\t\t\t<div class=\"elementor-widget-wrap elementor-element-populated\">\n\t\t\t\t\t\t<div class=\"elementor-element elementor-element-6764a51 elementor-invisible elementor-widget elementor-widget-counter\" data-id=\"6764a51\" data-element_type=\"widget\" data-settings=\"{&quot;_animation&quot;:&quot;fadeInUp&quot;,&quot;_animation_delay&quot;:500}\" data-widget_type=\"counter.default\">\n\t\t\t\t\t\t\t<div class=\"elementor-counter\">\n\t\t\t<div class=\"elementor-counter-title\">Home deliveries<\/div>\t\t\t<div class=\"elementor-counter-number-wrapper\">\n\t\t\t\t<span class=\"elementor-counter-number-prefix\"><\/span>\n\t\t\t\t<span class=\"elementor-counter-number\" data-duration=\"2000\" data-to-value=\"48\" data-from-value=\"0\" data-delimiter=\",\">0<\/span>\n\t\t\t\t<span class=\"elementor-counter-number-suffix\">h<\/span>\n\t\t\t<\/div>\n\t\t<\/div>\n\t\t\t\t\t\t<\/div>\n\t\t\t\t\t<\/div>\n\t\t<\/div>\n\t\t\t\t<div class=\"elementor-column elementor-col-25 elementor-top-column elementor-element elementor-element-fa34b91 elementor-invisible\" data-id=\"fa34b91\" data-element_type=\"column\" data-settings=\"{&quot;animation&quot;:&quot;fadeIn&quot;}\">\n\t\t\t<div class=\"elementor-widget-wrap elementor-element-populated\">\n\t\t\t\t\t\t<div class=\"elementor-element elementor-element-684f1de elementor-invisible elementor-widget elementor-widget-counter\" data-id=\"684f1de\" data-element_type=\"widget\" data-settings=\"{&quot;_animation&quot;:&quot;fadeInUp&quot;,&quot;_animation_delay&quot;:750}\" data-widget_type=\"counter.default\">\n\t\t\t\t\t\t\t<div class=\"elementor-counter\">\n\t\t\t<div class=\"elementor-counter-title\">Satisfied Customers<\/div>\t\t\t<div class=\"elementor-counter-number-wrapper\">\n\t\t\t\t<span class=\"elementor-counter-number-prefix\">+<\/span>\n\t\t\t\t<span class=\"elementor-counter-number\" data-duration=\"2000\" data-to-value=\"500\" data-from-value=\"0\" data-delimiter=\",\">0<\/span>\n\t\t\t\t<span class=\"elementor-counter-number-suffix\"><\/span>\n\t\t\t<\/div>\n\t\t<\/div>\n\t\t\t\t\t\t<\/div>\n\t\t\t\t\t<\/div>\n\t\t<\/div>\n\t\t\t\t\t<\/div>\n\t\t<\/section>\n\t\t\t\t<section class=\"elementor-section elementor-top-section elementor-element elementor-element-54bfd700 elementor-section-boxed elementor-section-height-default elementor-section-height-default\" data-id=\"54bfd700\" data-element_type=\"section\" data-settings=\"{&quot;background_background&quot;:&quot;classic&quot;}\">\n\t\t\t\t\t\t<div class=\"elementor-container elementor-column-gap-default\">\n\t\t\t\t\t<div class=\"elementor-column elementor-col-50 elementor-top-column elementor-element elementor-element-388a897c\" data-id=\"388a897c\" data-element_type=\"column\">\n\t\t\t<div class=\"elementor-widget-wrap elementor-element-populated\">\n\t\t\t\t\t\t<div class=\"elementor-element elementor-element-4bb16e70 elementor-icon-list--layout-inline elementor-list-item-link-inline elementor-invisible elementor-widget elementor-widget-icon-list\" data-id=\"4bb16e70\" data-element_type=\"widget\" data-settings=\"{&quot;_animation&quot;:&quot;fadeInLeft&quot;}\" data-widget_type=\"icon-list.default\">\n\t\t\t\t\t\t\t<ul class=\"elementor-icon-list-items elementor-inline-items\">\n\t\t\t\t\t\t\t<li class=\"elementor-icon-list-item elementor-inline-item\">\n\t\t\t\t\t\t\t\t\t\t\t<span class=\"elementor-icon-list-icon\">\n\t\t\t\t\t\t\t<i aria-hidden=\"true\" class=\"icon icon-leaf\"><\/i>\t\t\t\t\t\t<\/span>\n\t\t\t\t\t\t\t\t\t\t<span class=\"elementor-icon-list-text\">About Us<\/span>\n\t\t\t\t\t\t\t\t\t<\/li>\n\t\t\t\t\t\t<\/ul>\n\t\t\t\t\t\t<\/div>\n\t\t\t\t<div class=\"elementor-element elementor-element-40edeabb elementor-invisible elementor-widget elementor-widget-heading\" data-id=\"40edeabb\" data-element_type=\"widget\" data-settings=\"{&quot;_animation&quot;:&quot;fadeInUp&quot;}\" data-widget_type=\"heading.default\">\n\t\t\t\t\t<h2 class=\"elementor-heading-title elementor-size-default\">Flowers made with heart in Tui<\/h2>\t\t\t\t<\/div>\n\t\t\t\t<div class=\"elementor-element elementor-element-4819e54c elementor-invisible elementor-widget elementor-widget-text-editor\" data-id=\"4819e54c\" data-element_type=\"widget\" data-settings=\"{&quot;_animation&quot;:&quot;fadeInUp&quot;}\" data-widget_type=\"text-editor.default\">\n\t\t\t\t\t\t\t\t\t<p class=\"translation-block\">At <strong data-start=\"256\" data-end=\"279\">Florister\u00eda La Flor<\/strong> we work every day with enthusiasm to offer fresh bouquets, personalized decorations and unique flowers in Tui, always taking care of the details and the satisfaction of our customers.<\/p>\t\t\t\t\t\t\t\t<\/div>\n\t\t\t\t\t<\/div>\n\t\t<\/div>\n\t\t\t\t<div class=\"elementor-column elementor-col-50 elementor-top-column elementor-element elementor-element-28a2f0bd\" data-id=\"28a2f0bd\" data-element_type=\"column\">\n\t\t\t<div class=\"elementor-widget-wrap elementor-element-populated\">\n\t\t\t\t\t\t<div class=\"elementor-element elementor-element-2781fe3 elementor-invisible elementor-widget elementor-widget-image\" data-id=\"2781fe3\" data-element_type=\"widget\" data-settings=\"{&quot;_animation&quot;:&quot;fadeInUp&quot;}\" data-widget_type=\"image.default\">\n\t\t\t\t\t\t\t\t\t\t\t\t\t\t\t<img fetchpriority=\"high\" decoding=\"async\" width=\"1080\" height=\"718\" src=\"https:\/\/floristerialaflortui.com\/wp-content\/uploads\/2025\/12\/nos-5b.jpg\" class=\"attachment-full size-full wp-image-1067\" alt=\"\" srcset=\"https:\/\/floristerialaflortui.com\/wp-content\/uploads\/2025\/12\/nos-5b.jpg 1080w, https:\/\/floristerialaflortui.com\/wp-content\/uploads\/2025\/12\/nos-5b-300x199.jpg 300w, https:\/\/floristerialaflortui.com\/wp-content\/uploads\/2025\/12\/nos-5b-1024x681.jpg 1024w, https:\/\/floristerialaflortui.com\/wp-content\/uploads\/2025\/12\/nos-5b-768x511.jpg 768w, https:\/\/floristerialaflortui.com\/wp-content\/uploads\/2025\/12\/nos-5b-18x12.jpg 18w\" sizes=\"(max-width: 1080px) 100vw, 1080px\" \/>\t\t\t\t\t\t\t\t\t\t\t\t\t\t\t<\/div>\n\t\t\t\t\t<\/div>\n\t\t<\/div>\n\t\t\t\t\t<\/div>\n\t\t<\/section>\n\t\t\t\t<section class=\"elementor-section elementor-top-section elementor-element elementor-element-589bafc9 elementor-section-full_width elementor-section-height-default elementor-section-height-default\" data-id=\"589bafc9\" data-element_type=\"section\">\n\t\t\t\t\t\t<div class=\"elementor-container elementor-column-gap-default\">\n\t\t\t\t\t<div class=\"elementor-column elementor-col-100 elementor-top-column elementor-element elementor-element-2141b0f3\" data-id=\"2141b0f3\" data-element_type=\"column\">\n\t\t\t<div class=\"elementor-widget-wrap elementor-element-populated\">\n\t\t\t\t\t\t<div class=\"elementor-element elementor-element-626c6bcb elementor-invisible elementor-widget elementor-widget-image-carousel\" data-id=\"626c6bcb\" data-element_type=\"widget\" data-settings=\"{&quot;slides_to_show&quot;:&quot;3&quot;,&quot;slides_to_scroll&quot;:&quot;1&quot;,&quot;navigation&quot;:&quot;none&quot;,&quot;image_spacing_custom&quot;:{&quot;unit&quot;:&quot;px&quot;,&quot;size&quot;:25,&quot;sizes&quot;:[]},&quot;_animation&quot;:&quot;fadeInUp&quot;,&quot;slides_to_show_tablet&quot;:&quot;3&quot;,&quot;slides_to_show_mobile&quot;:&quot;2&quot;,&quot;autoplay&quot;:&quot;yes&quot;,&quot;pause_on_hover&quot;:&quot;yes&quot;,&quot;pause_on_interaction&quot;:&quot;yes&quot;,&quot;autoplay_speed&quot;:5000,&quot;infinite&quot;:&quot;yes&quot;,&quot;speed&quot;:500,&quot;image_spacing_custom_tablet&quot;:{&quot;unit&quot;:&quot;px&quot;,&quot;size&quot;:&quot;&quot;,&quot;sizes&quot;:[]},&quot;image_spacing_custom_mobile&quot;:{&quot;unit&quot;:&quot;px&quot;,&quot;size&quot;:&quot;&quot;,&quot;sizes&quot;:[]}}\" data-widget_type=\"image-carousel.default\">\n\t\t\t\t\t\t\t<div class=\"elementor-image-carousel-wrapper swiper\" role=\"region\" aria-roledescription=\"carousel\" aria-label=\"Carrusel de im\u00e1genes\" dir=\"ltr\">\n\t\t\t<div class=\"elementor-image-carousel swiper-wrapper\" aria-live=\"off\">\n\t\t\t\t\t\t\t\t<div class=\"swiper-slide\" role=\"group\" aria-roledescription=\"slide\" aria-label=\"1 de 11\"><a data-elementor-open-lightbox=\"yes\" data-elementor-lightbox-slideshow=\"626c6bcb\" data-elementor-lightbox-title=\"ramos-1\" data-e-action-hash=\"#elementor-action%3Aaction%3Dlightbox%26settings%3DeyJpZCI6NDM1LCJ1cmwiOiJodHRwczpcL1wvZmxvcmlzdGVyaWFsYWZsb3J0dWkuY29tXC93cC1jb250ZW50XC91cGxvYWRzXC8yMDI1XC8wOFwvcmFtb3MtMS0xLmpwZyIsInNsaWRlc2hvdyI6IjYyNmM2YmNiIn0%3D\" href=\"https:\/\/floristerialaflortui.com\/wp-content\/uploads\/2025\/08\/ramos-1-1.jpg\"><figure class=\"swiper-slide-inner\"><img decoding=\"async\" class=\"swiper-slide-image\" src=\"https:\/\/floristerialaflortui.com\/wp-content\/uploads\/2025\/08\/ramos-1-1.jpg\" alt=\"PRECIO 36,50\u20ac\" \/><\/figure><\/a><\/div><div class=\"swiper-slide\" role=\"group\" aria-roledescription=\"slide\" aria-label=\"2 de 11\"><a data-elementor-open-lightbox=\"yes\" data-elementor-lightbox-slideshow=\"626c6bcb\" data-elementor-lightbox-title=\"eventos-(13)\" data-e-action-hash=\"#elementor-action%3Aaction%3Dlightbox%26settings%3DeyJpZCI6Mjc5LCJ1cmwiOiJodHRwczpcL1wvZmxvcmlzdGVyaWFsYWZsb3J0dWkuY29tXC93cC1jb250ZW50XC91cGxvYWRzXC8yMDI1XC8wOFwvZXZlbnRvcy0xMy5qcGciLCJzbGlkZXNob3ciOiI2MjZjNmJjYiJ9\" href=\"https:\/\/floristerialaflortui.com\/wp-content\/uploads\/2025\/08\/eventos-13.jpg\"><figure class=\"swiper-slide-inner\"><img decoding=\"async\" class=\"swiper-slide-image\" src=\"https:\/\/floristerialaflortui.com\/wp-content\/uploads\/2025\/08\/eventos-13.jpg\" alt=\"eventos-(13)\" \/><\/figure><\/a><\/div><div class=\"swiper-slide\" role=\"group\" aria-roledescription=\"slide\" aria-label=\"3 de 11\"><a data-elementor-open-lightbox=\"yes\" data-elementor-lightbox-slideshow=\"626c6bcb\" data-elementor-lightbox-title=\"nadal--4\" data-e-action-hash=\"#elementor-action%3Aaction%3Dlightbox%26settings%3DeyJpZCI6Mjg0LCJ1cmwiOiJodHRwczpcL1wvZmxvcmlzdGVyaWFsYWZsb3J0dWkuY29tXC93cC1jb250ZW50XC91cGxvYWRzXC8yMDI1XC8wOFwvbmFkYWwtNC5qcGciLCJzbGlkZXNob3ciOiI2MjZjNmJjYiJ9\" href=\"https:\/\/floristerialaflortui.com\/wp-content\/uploads\/2025\/08\/nadal-4.jpg\"><figure class=\"swiper-slide-inner\"><img decoding=\"async\" class=\"swiper-slide-image\" src=\"https:\/\/floristerialaflortui.com\/wp-content\/uploads\/2025\/08\/nadal-4.jpg\" alt=\"PRECIO 36,50\u20ac\" \/><\/figure><\/a><\/div><div class=\"swiper-slide\" role=\"group\" aria-roledescription=\"slide\" aria-label=\"4 de 11\"><a data-elementor-open-lightbox=\"yes\" data-elementor-lightbox-slideshow=\"626c6bcb\" data-elementor-lightbox-title=\"regalos-1\" data-e-action-hash=\"#elementor-action%3Aaction%3Dlightbox%26settings%3DeyJpZCI6NDMyLCJ1cmwiOiJodHRwczpcL1wvZmxvcmlzdGVyaWFsYWZsb3J0dWkuY29tXC93cC1jb250ZW50XC91cGxvYWRzXC8yMDI1XC8wOFwvcmVnYWxvcy0xLTEuanBnIiwic2xpZGVzaG93IjoiNjI2YzZiY2IifQ%3D%3D\" href=\"https:\/\/floristerialaflortui.com\/wp-content\/uploads\/2025\/08\/regalos-1-1.jpg\"><figure class=\"swiper-slide-inner\"><img decoding=\"async\" class=\"swiper-slide-image\" src=\"https:\/\/floristerialaflortui.com\/wp-content\/uploads\/2025\/08\/regalos-1-1.jpg\" alt=\"PRECIO 36,50\u20ac\" \/><\/figure><\/a><\/div><div class=\"swiper-slide\" role=\"group\" aria-roledescription=\"slide\" aria-label=\"5 de 11\"><a data-elementor-open-lightbox=\"yes\" data-elementor-lightbox-slideshow=\"626c6bcb\" data-elementor-lightbox-title=\"eventos-(17)\" data-e-action-hash=\"#elementor-action%3Aaction%3Dlightbox%26settings%3DeyJpZCI6MjgwLCJ1cmwiOiJodHRwczpcL1wvZmxvcmlzdGVyaWFsYWZsb3J0dWkuY29tXC93cC1jb250ZW50XC91cGxvYWRzXC8yMDI1XC8wOFwvZXZlbnRvcy0xNy5qcGciLCJzbGlkZXNob3ciOiI2MjZjNmJjYiJ9\" href=\"https:\/\/floristerialaflortui.com\/wp-content\/uploads\/2025\/08\/eventos-17.jpg\"><figure class=\"swiper-slide-inner\"><img decoding=\"async\" class=\"swiper-slide-image\" src=\"https:\/\/floristerialaflortui.com\/wp-content\/uploads\/2025\/08\/eventos-17.jpg\" alt=\"eventos-(17)\" \/><\/figure><\/a><\/div><div class=\"swiper-slide\" role=\"group\" aria-roledescription=\"slide\" aria-label=\"6 de 11\"><a data-elementor-open-lightbox=\"yes\" data-elementor-lightbox-slideshow=\"626c6bcb\" data-elementor-lightbox-title=\"funerarios-1\" data-e-action-hash=\"#elementor-action%3Aaction%3Dlightbox%26settings%3DeyJpZCI6NDM0LCJ1cmwiOiJodHRwczpcL1wvZmxvcmlzdGVyaWFsYWZsb3J0dWkuY29tXC93cC1jb250ZW50XC91cGxvYWRzXC8yMDI1XC8wOFwvZnVuZXJhcmlvcy0xLTEuanBnIiwic2xpZGVzaG93IjoiNjI2YzZiY2IifQ%3D%3D\" href=\"https:\/\/floristerialaflortui.com\/wp-content\/uploads\/2025\/08\/funerarios-1-1.jpg\"><figure class=\"swiper-slide-inner\"><img decoding=\"async\" class=\"swiper-slide-image\" src=\"https:\/\/floristerialaflortui.com\/wp-content\/uploads\/2025\/08\/funerarios-1-1.jpg\" alt=\"PRECIO 36,50\u20ac\" \/><\/figure><\/a><\/div><div class=\"swiper-slide\" role=\"group\" aria-roledescription=\"slide\" aria-label=\"7 de 11\"><a data-elementor-open-lightbox=\"yes\" data-elementor-lightbox-slideshow=\"626c6bcb\" data-elementor-lightbox-title=\"nadal--3\" data-e-action-hash=\"#elementor-action%3Aaction%3Dlightbox%26settings%3DeyJpZCI6Mjg1LCJ1cmwiOiJodHRwczpcL1wvZmxvcmlzdGVyaWFsYWZsb3J0dWkuY29tXC93cC1jb250ZW50XC91cGxvYWRzXC8yMDI1XC8wOFwvbmFkYWwtMy5qcGciLCJzbGlkZXNob3ciOiI2MjZjNmJjYiJ9\" href=\"https:\/\/floristerialaflortui.com\/wp-content\/uploads\/2025\/08\/nadal-3.jpg\"><figure class=\"swiper-slide-inner\"><img decoding=\"async\" class=\"swiper-slide-image\" src=\"https:\/\/floristerialaflortui.com\/wp-content\/uploads\/2025\/08\/nadal-3.jpg\" alt=\"PRECIO 36,50\u20ac\" \/><\/figure><\/a><\/div><div class=\"swiper-slide\" role=\"group\" aria-roledescription=\"slide\" aria-label=\"8 de 11\"><a data-elementor-open-lightbox=\"yes\" data-elementor-lightbox-slideshow=\"626c6bcb\" data-elementor-lightbox-title=\"eventos-(19)\" data-e-action-hash=\"#elementor-action%3Aaction%3Dlightbox%26settings%3DeyJpZCI6MjgxLCJ1cmwiOiJodHRwczpcL1wvZmxvcmlzdGVyaWFsYWZsb3J0dWkuY29tXC93cC1jb250ZW50XC91cGxvYWRzXC8yMDI1XC8wOFwvZXZlbnRvcy0xOS5qcGciLCJzbGlkZXNob3ciOiI2MjZjNmJjYiJ9\" href=\"https:\/\/floristerialaflortui.com\/wp-content\/uploads\/2025\/08\/eventos-19.jpg\"><figure class=\"swiper-slide-inner\"><img decoding=\"async\" class=\"swiper-slide-image\" src=\"https:\/\/floristerialaflortui.com\/wp-content\/uploads\/2025\/08\/eventos-19.jpg\" alt=\"eventos-(19)\" \/><\/figure><\/a><\/div><div class=\"swiper-slide\" role=\"group\" aria-roledescription=\"slide\" aria-label=\"9 de 11\"><a data-elementor-open-lightbox=\"yes\" data-elementor-lightbox-slideshow=\"626c6bcb\" data-elementor-lightbox-title=\"plantas-navidad-1\" data-e-action-hash=\"#elementor-action%3Aaction%3Dlightbox%26settings%3DeyJpZCI6NDMzLCJ1cmwiOiJodHRwczpcL1wvZmxvcmlzdGVyaWFsYWZsb3J0dWkuY29tXC93cC1jb250ZW50XC91cGxvYWRzXC8yMDI1XC8wOFwvcGxhbnRhcy1uYXZpZGFkLTEtMS5qcGciLCJzbGlkZXNob3ciOiI2MjZjNmJjYiJ9\" href=\"https:\/\/floristerialaflortui.com\/wp-content\/uploads\/2025\/08\/plantas-navidad-1-1.jpg\"><figure class=\"swiper-slide-inner\"><img decoding=\"async\" class=\"swiper-slide-image\" src=\"https:\/\/floristerialaflortui.com\/wp-content\/uploads\/2025\/08\/plantas-navidad-1-1.jpg\" alt=\"PRECIO 36,50\u20ac\" \/><\/figure><\/a><\/div><div class=\"swiper-slide\" role=\"group\" aria-roledescription=\"slide\" aria-label=\"10 de 11\"><a data-elementor-open-lightbox=\"yes\" data-elementor-lightbox-slideshow=\"626c6bcb\" data-elementor-lightbox-title=\"nadal--10\" data-e-action-hash=\"#elementor-action%3Aaction%3Dlightbox%26settings%3DeyJpZCI6MjgzLCJ1cmwiOiJodHRwczpcL1wvZmxvcmlzdGVyaWFsYWZsb3J0dWkuY29tXC93cC1jb250ZW50XC91cGxvYWRzXC8yMDI1XC8wOFwvbmFkYWwtMTAuanBnIiwic2xpZGVzaG93IjoiNjI2YzZiY2IifQ%3D%3D\" href=\"https:\/\/floristerialaflortui.com\/wp-content\/uploads\/2025\/08\/nadal-10.jpg\"><figure class=\"swiper-slide-inner\"><img decoding=\"async\" class=\"swiper-slide-image\" src=\"https:\/\/floristerialaflortui.com\/wp-content\/uploads\/2025\/08\/nadal-10.jpg\" alt=\"PRECIO 36,50\u20ac\" \/><\/figure><\/a><\/div><div class=\"swiper-slide\" role=\"group\" aria-roledescription=\"slide\" aria-label=\"11 de 11\"><a data-elementor-open-lightbox=\"yes\" data-elementor-lightbox-slideshow=\"626c6bcb\" data-elementor-lightbox-title=\"eventos-(70)\" data-e-action-hash=\"#elementor-action%3Aaction%3Dlightbox%26settings%3DeyJpZCI6MjgyLCJ1cmwiOiJodHRwczpcL1wvZmxvcmlzdGVyaWFsYWZsb3J0dWkuY29tXC93cC1jb250ZW50XC91cGxvYWRzXC8yMDI1XC8wOFwvZXZlbnRvcy03MC5qcGciLCJzbGlkZXNob3ciOiI2MjZjNmJjYiJ9\" href=\"https:\/\/floristerialaflortui.com\/wp-content\/uploads\/2025\/08\/eventos-70.jpg\"><figure class=\"swiper-slide-inner\"><img decoding=\"async\" class=\"swiper-slide-image\" src=\"https:\/\/floristerialaflortui.com\/wp-content\/uploads\/2025\/08\/eventos-70.jpg\" alt=\"eventos-(70)\" \/><\/figure><\/a><\/div>\t\t\t<\/div>\n\t\t\t\t\t\t\t\n\t\t\t\t\t\t\t\t\t<\/div>\n\t\t\t\t\t\t<\/div>\n\t\t\t\t\t<\/div>\n\t\t<\/div>\n\t\t\t\t\t<\/div>\n\t\t<\/section>\n\t\t\t\t<\/div>","protected":false},"excerpt":{"rendered":"<p>\ud83c\udf38 Profesionales del arte floral Florister\u00eda La Flor M\u00e1s de 20 a\u00f1os creando ramos, decoraciones y arreglos \u00fanicos, con pasi\u00f3n, experiencia y un trato siempre cercano. Sobre Nosotros En Florister\u00eda La Flor creemos que cada ramo cuenta una historia y que las flores son el lenguaje m\u00e1s puro de las emociones. Nuestro compromiso es transformar [&hellip;]<\/p>","protected":false},"author":1,"featured_media":0,"parent":0,"menu_order":0,"comment_status":"closed","ping_status":"closed","template":"elementor_header_footer","meta":{"footnotes":""},"class_list":["post-223","page","type-page","status-publish","hentry"],"_links":{"self":[{"href":"https:\/\/floristerialaflortui.com\/en\/wp-json\/wp\/v2\/pages\/223","targetHints":{"allow":["GET"]}}],"collection":[{"href":"https:\/\/floristerialaflortui.com\/en\/wp-json\/wp\/v2\/pages"}],"about":[{"href":"https:\/\/floristerialaflortui.com\/en\/wp-json\/wp\/v2\/types\/page"}],"author":[{"embeddable":true,"href":"https:\/\/floristerialaflortui.com\/en\/wp-json\/wp\/v2\/users\/1"}],"replies":[{"embeddable":true,"href":"https:\/\/floristerialaflortui.com\/en\/wp-json\/wp\/v2\/comments?post=223"}],"version-history":[{"count":52,"href":"https:\/\/floristerialaflortui.com\/en\/wp-json\/wp\/v2\/pages\/223\/revisions"}],"predecessor-version":[{"id":1073,"href":"https:\/\/floristerialaflortui.com\/en\/wp-json\/wp\/v2\/pages\/223\/revisions\/1073"}],"wp:attachment":[{"href":"https:\/\/floristerialaflortui.com\/en\/wp-json\/wp\/v2\/media?parent=223"}],"curies":[{"name":"wp","href":"https:\/\/api.w.org\/{rel}","templated":true}]}}